{"id":17,"date":"2017-11-07T12:03:31","date_gmt":"2017-11-07T11:03:31","guid":{"rendered":"https:\/\/www.asajacyl.com\/palencia\/?page_id=17"},"modified":"2017-11-16T14:12:41","modified_gmt":"2017-11-16T13:12:41","slug":"aviso-legal","status":"publish","type":"page","link":"https:\/\/www.asajacyl.com\/palencia\/aviso-legal","title":{"rendered":"Aviso legal"},"content":{"rendered":"<h2>Responsable (Prestador del Servicio): ASOCIACI\u00d3N DE AGRICULTORES Y GANADEROS PALENTINOS<\/h2>\n<p>Nombre Comercial: <strong>ASOCIACI\u00d3N DE AGRICULTORES Y GANADEROS PALENTINOS<\/strong><br \/>\nDomicilio Social: <strong>C\/Felipe Prieto, 8 (Edif. Bigar), 34001 Palencia &#8211; Espa\u00f1a<\/strong><br \/>\nCIF \/ NIF:<strong> G34010629<\/strong><br \/>\nTel\u00e9fono: <strong>+34 979 110 630<\/strong><br \/>\nE-Mail: <a href=\"mailto:cbayon@asajapalencia.com\" title=\"cbayon@asajapalencia.com\" target=\"_blank\"><strong>cbayon@asajapalencia.com<\/strong><\/a><br \/>\nNombre de dominio: <a href=\"http:\/\/www.asajapalencia.com\" target=\"_blank\" title=\"www.asajapalencia.com\"><strong>www.asajapalencia.com<\/strong><\/a><\/p>\n<h3>INSCRITA EN EL REGISTRO DE ASOCIACIONES DE CASTILLA Y LE\u00d3N,  n\u00famero de inscripci\u00f3n 34\/2015 , de fecha  20 DE JULIO DE 1977 OBJETO<\/h3>\n<p style=\"text-align:justify\">El prestador, responsable del sitio web, pone a disposici\u00f3n de los usuarios el presente documento con el que pretende dar cumplimiento a las obligaciones dispuestas en la Ley 34\/2002, de Servicios de la Sociedad de la Informaci\u00f3n y del Comercio Electr\u00f3nico (LSSI-CE), as\u00ed como informar a todos los usuarios del sitio web respecto a cu\u00e1les son las condiciones de uso del sitio web.<\/p>\n<p style=\"text-align:justify\">Toda persona que acceda a este sitio web asume el papel de usuario, comprometi\u00e9ndose a la observancia y cumplimiento riguroso de las disposiciones aqu\u00ed recogidas, as\u00ed como a cualquiera otra disposici\u00f3n legal que fuera de aplicaci\u00f3n.<\/p>\n<p style=\"text-align:justify\">El prestador se reserva el derecho a modificar cualquier tipo de informaci\u00f3n que pudiera aparecer en el sitio web, sin que exista obligaci\u00f3n de preavisar o poner en conocimiento de los usuarios dichas obligaciones, entendi\u00e9ndose como suficiente con la publicaci\u00f3n en el sitio web del prestador.<\/p>\n<h3>PROPIEDAD INTELECTUAL E INDUSTRIAL<\/h3>\n<p style=\"text-align:justify\">El sitio web, incluyendo a t\u00edtulo enunciativo pero no limitativo su programaci\u00f3n, edici\u00f3n, compilaci\u00f3n y dem\u00e1s elementos necesarios para su funcionamiento, los dise\u00f1os, logotipos, texto y\/o gr\u00e1ficos son propiedad del prestador o en su caso dispone de licencia o autorizaci\u00f3n expresa por parte de los autores. Todos los contenidos del sitio web se encuentran debidamente protegidos por la normativa de propiedad intelectual e industrial, as\u00ed como inscritos en los registros p\u00fablicos correspondientes. <\/p>\n<p style=\"text-align:justify\"> Independientemente de la finalidad para la que fueran destinados, la reproducci\u00f3n total o parcial, uso, explotaci\u00f3n, distribuci\u00f3n y comercializaci\u00f3n, requiere en todo caso de la autorizaci\u00f3n escrita previa por parte del prestador. Cualquier uso no autorizado previamente por parte del prestador ser\u00e1 considerado un incumplimiento grave de los derechos de propiedad intelectual o industrial del autor.<\/p>\n<p style=\"text-align:justify\">Los dise\u00f1os, logotipos, texto y\/o gr\u00e1ficos ajenos al prestador y que pudieran aparecer en el sitio web, pertenecen a sus respectivos propietarios, siendo ellos mismos responsables de cualquier posible controversia que pudiera suscitarse respecto a los mismos. En todo caso, el prestador cuenta con la autorizaci\u00f3n expresa y previa por parte de los mismos.<\/p>\n<p style=\"text-align:justify\">El prestador reconoce a favor de sus titulares los correspondientes derechos de propiedad industrial e intelectual, no implicando su sola menci\u00f3n o aparici\u00f3n en el sitio web la existencia de derechos o responsabilidad alguna del prestador sobre los mismos, como tampoco respaldo, patrocinio o recomendaci\u00f3n por parte del mismo.<\/p>\n<p style=\"text-align:justify\">Para realizar cualquier tipo de observaci\u00f3n respecto a posibles incumplimientos de los derechos de propiedad intelectual o industrial, as\u00ed como sobre cualquiera de los contenidos del sitio web, puede hacerlo a trav\u00e9s del siguiente correo electr\u00f3nico: CBAYON@ASAJAPALENCIA.COM <\/p>\n<h3>PROTECCI\u00d3N DE DATOS PERSONALES<\/h3>\n<p style=\"text-align:justify\">El prestador se encuentra profundamente comprometido con el cumplimiento de la normativa espa\u00f1ola de protecci\u00f3n de datos de car\u00e1cter personal, y garantiza el cumplimiento \u00edntegro de las obligaciones dispuestas, as\u00ed como la implementaci\u00f3n de las medidas de seguridad dispuestas en el art. 9 de la Ley 15\/1999, de Protecci\u00f3n de Datos de Car\u00e1cter Personal (LOPD) y en el Reglamento de Desarrollo de la LOPD.<\/p>\n<p style=\"text-align:justify\">El prestador pone a disposici\u00f3n de los usuarios la Pol\u00edtica de Privacidad de la entidad informando a los usuarios respecto a los siguientes aspectos: <\/p>\n<ul>\n<li>Datos del Responsable del tratamiento.<\/li>\n<li>Finalidad del tratamiento.<\/li>\n<li>Obligatoriedad o no de facilitarlos, as\u00ed como las consecuencias en caso de no facilitarlos.<\/li>\n<li>Sobre los derechos que asisten a todo usuario y el procedimiento para ejercitarlos.<\/li>\n<\/ul>\n<h3>POL\u00cdTICA DE PRIVACIDAD<\/h3>\n<p style=\"text-align:justify\">De conformidad con lo dispuesto en la Ley Org\u00e1nica 15\/1999, de Protecci\u00f3n de Datos de Car\u00e1cter Personal (LOPD) y su normativa de desarrollo, el responsable del sitio web, en cumplimiento de lo dispuesto en el art. 5 y 6 de la LOPD, informa a todos los usuarios del sitio web que faciliten o vayan a facilitar sus datos personales, que estos ser\u00e1n incorporados en un fichero que se encuentra debidamente inscrito en la Agencia Espa\u00f1ola de Protecci\u00f3n de Datos.<\/p>\n<p style=\"text-align:justify\">Los usuarios que voluntariamente faciliten sus datos personales por cualquiera de los medios de contacto previstos en esta p\u00e1gina web, aceptan expresamente y de forma libre e inequ\u00edvoca que dichos datos sean tratados por parte del prestador para realizar las siguientes finalidades: <\/p>\n<ol style=\"text-align:justify\">\n<li>Gesti\u00f3n de contactos. Respuesta a consultas y sugerencias.<\/li>\n<li>Remisi\u00f3n de comunicaciones promocionales por e-mail, fax, SMS, MMS, comunidades sociales o cualesquier otro medio electr\u00f3nico o f\u00edsico, presente o futuro, que posibilite su realizaci\u00f3n. <br \/>\n    No obstante, le informamos que podr\u00e1 revocar su consentimiento o darse de baja de todas las comunicaciones comerciales electr\u00f3nicas remitidas, en cada comunicado comercial que se le haga llegar, y en cualquier momento, mediante notificaci\u00f3n a ASOCIACION DE AGRICULTORES Y GANADEROS PALENTINOS, que sita en C\/Felipe Prieto N\u00ba8 (Edif. Bigar), 34001 Palencia (Palencia), o trav\u00e9s del correo electr\u00f3nico: <a href=\"mailto:cbayon@asajapalencia.com\">cbayon@asajapalencia.com<\/a><\/li>\n<li>Tramitar encargos, solicitudes o cualquier tipo de consulta que sea realizada por el usuario a trav\u00e9s de cualquiera de las formas de contacto que se ponen a disposici\u00f3n del usuario en el sitio web de la compa\u00f1\u00eda.<\/li>\n<\/ol>\n<p style=\"text-align:justify\">El prestador informa y garantiza expresamente a los usuarios que sus datos personales no ser\u00e1n cedidos en ning\u00fan caso a terceras compa\u00f1\u00edas, y que siempre que fuera a realizarse alg\u00fan tipo de cesi\u00f3n de datos personales, de forma previa, se solicitar\u00eda el consentimiento expreso, informado, e inequ\u00edvoco por parte de los titulares.<br \/>\n  Todos los datos solicitados a trav\u00e9s del sitio web son obligatorios, ya que son necesarios para la prestaci\u00f3n de un servicio \u00f3ptimo al usuario. En caso de que no sean facilitados todos los datos, el prestador no garantiza que la informaci\u00f3n y servicios facilitados sean completamente ajustados a sus necesidades.<\/p>\n<p style=\"text-align:justify\"> El prestador garantiza en todo caso al usuario el ejercicio de los derechos de acceso, rectificaci\u00f3n, cancelaci\u00f3n, informaci\u00f3n y oposici\u00f3n, en los t\u00e9rminos dispuestos en la legislaci\u00f3n vigente. Por ello, de conformidad con lo dispuesto en la Ley Org\u00e1nica 15\/1999, de Protecci\u00f3n de Datos de Car\u00e1cter Personal (LOPD) podr\u00e1 ejercer sus derechos remitiendo una solicitud expresa, junto a una copia de su DNI, a trav\u00e9s de los siguientes medios:<\/p>\n<ul>\n<ol>\n    1.\tE-Mail: <a href=\"mailto:cbayon@asajapalencia.com\" title=\"cbayon@asajapalencia.com\" target=\"_blank\">cbayon@asajapalencia.com<\/a>\n  <\/ol>\n<ol>\n    2.\tCorreo Posta: C\/Felipe Prieto, 8 (Edif. Bigar), 34001 Palencia &#8211; Espa\u00f1a\n  <\/ol>\n<\/ul>\n<p style=\"text-align:justify\"> Del mismo modo, el prestador ha adoptado todas las medidas t\u00e9cnicas y de organizaci\u00f3n necesarias para garantizar la seguridad e integridad de los datos de car\u00e1cter personal que trate, as\u00ed como para evitar su p\u00e9rdida, alteraci\u00f3n y\/o acceso por parte de terceros no autorizados.<\/p>\n<h3>USO DE COOKIES<\/h3>\n<p style=\"text-align:justify\">El prestador por su propia cuenta o la de un tercero contratado para la prestaci\u00f3n de servicios de medici\u00f3n, pueden utilizar cookies cuando un usuario navega por el sitio web. Las cookies son ficheros enviados al navegador por medio de un servidor web con la finalidad de registrar las actividades del usuario durante su tiempo de navegaci\u00f3n.<br \/>\n  Las cookies utilizadas por el sitio web se asocian \u00fanicamente con un usuario an\u00f3nimo y su ordenador, y no proporcionan por s\u00ed mismas los datos personales del usuario.<\/p>\n<p style=\"text-align:justify\">Mediante el uso de las cookies resulta posible que el servidor donde se encuentra la web, reconozca el navegador web utilizado por el usuario con la finalidad de que la navegaci\u00f3n sea m\u00e1s sencilla, permitiendo, por ejemplo, el acceso a los usuarios que se hayan registrado previamente, acceder a las \u00e1reas, servicios, promociones o concursos reservados exclusivamente a ellos sin tener que registrarse en cada visita. Se utilizan tambi\u00e9n para medir la audiencia y par\u00e1metros del tr\u00e1fico, controlar el progreso y n\u00famero de entradas.<\/p>\n<p style=\"text-align:justify\">El usuario tiene la posibilidad de configurar su navegador para ser avisado de la recepci\u00f3n de cookies y para impedir su instalaci\u00f3n en su equipo. Por favor, consulte las instrucciones y manuales de su navegador para ampliar esta informaci\u00f3n.<br \/>\n  Para utilizar el sitio web, no resulta necesario que el usuario permita la instalaci\u00f3n de las cookies enviadas por el sitio web, o el tercero que act\u00fae en su nombre, sin perjuicio de que sea necesario que el usuario inicie una sesi\u00f3n como tal en cada uno de los servicios cuya prestaci\u00f3n requiera el previo registro o \u201clogin\u201d.<\/p>\n<p style=\"text-align:justify\">Las cookies utilizadas en este sitio web tienen, en todo caso, car\u00e1cter temporal con la \u00fanica finalidad de hacer m\u00e1s eficaz su transmisi\u00f3n ulterior. En ning\u00fan caso se utilizar\u00e1n las cookies para recoger informaci\u00f3n de car\u00e1cter personal.<\/p>\n<h3>SEGURIDAD<\/h3>\n<p style=\"text-align:justify\">El sitio web utiliza t\u00e9cnicas de seguridad de la informaci\u00f3n generalmente aceptadas en la industria, tales como firewalls, procedimientos de control de acceso y mecanismos criptogr\u00e1ficos, todo ello con el objeto de evitar el acceso no autorizado a los datos. Para lograr estos fines, el usuario\/cliente acepta que el prestador obtenga datos a efectos de la correspondiente autenticaci\u00f3n de los controles de acceso.<\/p>\n<h3>RESPONSABILIDAD<\/h3>\n<p style=\"text-align:justify\">El prestador se exime de cualquier tipo de responsabilidad derivada de la informaci\u00f3n publicada en su sitio web, siempre que esta informaci\u00f3n haya sido manipulada o introducida por un tercero ajeno al mismo.<\/p>\n<p style=\"text-align:justify\">El sitio web del prestador puede utilizar cookies (peque\u00f1os archivos de informaci\u00f3n que el servidor env\u00eda al ordenador de quien accede a la p\u00e1gina) para llevar a cabo determinadas funciones que son consideradas imprescindibles para el correcto funcionamiento y visualizaci\u00f3n del sitio. <\/p>\n<p style=\"text-align:justify\">Desde el sitio web del cliente es posible que se redirija a contenidos de terceros sitios web. Dado que el prestador no puede controlar siempre los contenidos introducidos por los terceros en sus sitios web, \u00e9ste no asume ning\u00fan tipo de responsabilidad respecto a dichos contenidos. En todo caso, el prestador manifiesta que proceder\u00e1 a la retirada inmediata de cualquier contenido que pudiera contravenir la legislaci\u00f3n nacional o internacional, la moral o el orden p\u00fablico, procediendo a la retirada inmediata de la redirecci\u00f3n a dicho sitio web, poniendo en conocimiento de las autoridades competentes el contenido en cuesti\u00f3n.<\/p>\n<p style=\"text-align:justify\">El prestador no se hace responsable de la informaci\u00f3n y contenidos almacenados, a t\u00edtulo enunciativo pero no limitativo, en foros, chat\u00b4s, generadores de blogs, comentarios, redes sociales o cualesquiera otro medio que permita a terceros publicar contenidos de forma independiente en la p\u00e1gina web del prestador. No obstante y en cumplimiento de lo dispuesto en el art. 11 y 16 de la LSSI-CE, el prestador se pone a disposici\u00f3n de todos los usuarios, autoridades y fuerzas de seguridad, y colaborando de forma activa en la retirada o en su caso bloqueo de todos aquellos contenidos que pudieran afectar o contravenir la legislaci\u00f3n nacional, o internacional, derechos de terceros o la moral y el orden p\u00fablico. En caso de que el usuario considere que existe en el sitio web alg\u00fan contenido que pudiera ser susceptible de esta clasificaci\u00f3n, se ruega lo notifique de forma inmediata al administrador del sitio web.<\/p>\n<p style=\"text-align:justify\">Este sitio web ha sido revisado y probado para que funcione correctamente. En principio, puede garantizarse el correcto funcionamiento los 365 d\u00edas del a\u00f1o, 24 horas al d\u00eda. No obstante, el prestador no descarta la posibilidad de que existan ciertos errores de programaci\u00f3n, o que acontezcan causas de fuerza mayor, cat\u00e1strofes naturales, huelgas, o circunstancias semejantes que hagan imposible el acceso a la p\u00e1gina web.<\/p>\n<h3>LEY APLICABLE Y JURISDICCI\u00d3N<\/h3>\n<p style=\"text-align:justify\">Para la resoluci\u00f3n de todas las controversias o cuestiones relacionadas con el presente sitio web o de las actividades en \u00e9l desarrolladas, ser\u00e1 de aplicaci\u00f3n la legislaci\u00f3n espa\u00f1ola, a la que se someten expresamente las partes, siendo competentes para la resoluci\u00f3n de todos los conflictos derivados o relacionados con su uso los Juzgados y Tribunales de Palencia. <\/p>\n","protected":false},"excerpt":{"rendered":"<p>Responsable (Prestador del Servicio): ASOCIACI\u00d3N DE AGRICULTORES Y GANADEROS PALENTINOS Nombre Comercial: ASOCIACI\u00d3N DE AGRICULTORES Y GANADEROS PALENTINOS Domicilio Social: C\/Felipe Prieto, 8 (Edif. Bigar), 34001 Palencia &#8211; Espa\u00f1a CIF \/ NIF: G34010629 Tel\u00e9fono: +34 979 110 630 E-Mail: cbayon@asajapalencia.com Nombre de dominio: www.asajapalencia.com INSCRITA EN EL REGISTRO DE ASOCIACIONES DE CASTILLA Y LE\u00d3N, n\u00famero [&hellip;]<\/p>\n","protected":false},"author":2,"featured_media":1176,"parent":0,"menu_order":0,"comment_status":"closed","ping_status":"closed","template":"","meta":{"footnotes":""},"yoast_head":"<!-- This site is optimized with the Yoast SEO plugin v24.5 - https:\/\/yoast.com\/wordpress\/plugins\/seo\/ -->\n<title>Aviso legal - ASAJA Palencia<\/title>\n<meta name=\"robots\" content=\"index, follow, max-snippet:-1, max-image-preview:large, max-video-preview:-1\" \/>\n<link rel=\"canonical\" href=\"https:\/\/www.asajacyl.com\/palencia\/aviso-legal\" \/>\n<meta property=\"og:locale\" content=\"es_ES\" \/>\n<meta property=\"og:type\" content=\"article\" \/>\n<meta property=\"og:title\" content=\"Aviso legal - ASAJA Palencia\" \/>\n<meta property=\"og:description\" content=\"Responsable (Prestador del Servicio): ASOCIACI\u00d3N DE AGRICULTORES Y GANADEROS PALENTINOS Nombre Comercial: ASOCIACI\u00d3N DE AGRICULTORES Y GANADEROS PALENTINOS Domicilio Social: C\/Felipe Prieto, 8 (Edif. Bigar), 34001 Palencia &#8211; Espa\u00f1a CIF \/ NIF: G34010629 Tel\u00e9fono: +34 979 110 630 E-Mail: cbayon@asajapalencia.com Nombre de dominio: www.asajapalencia.com INSCRITA EN EL REGISTRO DE ASOCIACIONES DE CASTILLA Y LE\u00d3N, n\u00famero [&hellip;]\" \/>\n<meta property=\"og:url\" content=\"https:\/\/www.asajacyl.com\/palencia\/aviso-legal\" \/>\n<meta property=\"og:site_name\" content=\"ASAJA Palencia\" \/>\n<meta property=\"article:modified_time\" content=\"2017-11-16T13:12:41+00:00\" \/>\n<meta property=\"og:image\" content=\"https:\/\/www.asajacyl.com\/palencia\/wp-content\/uploads\/sites\/3\/2017\/11\/im_predefinida_1920x1080.jpg\" \/>\n\t<meta property=\"og:image:width\" content=\"1920\" \/>\n\t<meta property=\"og:image:height\" content=\"1080\" \/>\n\t<meta property=\"og:image:type\" content=\"image\/jpeg\" \/>\n<meta name=\"twitter:card\" content=\"summary_large_image\" \/>\n<meta name=\"twitter:label1\" content=\"Tiempo de lectura\" \/>\n\t<meta name=\"twitter:data1\" content=\"10 minutos\" \/>\n<script type=\"application\/ld+json\" class=\"yoast-schema-graph\">{\"@context\":\"https:\/\/schema.org\",\"@graph\":[{\"@type\":\"WebPage\",\"@id\":\"https:\/\/www.asajacyl.com\/palencia\/aviso-legal\",\"url\":\"https:\/\/www.asajacyl.com\/palencia\/aviso-legal\",\"name\":\"Aviso legal - ASAJA Palencia\",\"isPartOf\":{\"@id\":\"https:\/\/www.asajacyl.com\/palencia\/#website\"},\"primaryImageOfPage\":{\"@id\":\"https:\/\/www.asajacyl.com\/palencia\/aviso-legal#primaryimage\"},\"image\":{\"@id\":\"https:\/\/www.asajacyl.com\/palencia\/aviso-legal#primaryimage\"},\"thumbnailUrl\":\"\",\"datePublished\":\"2017-11-07T11:03:31+00:00\",\"dateModified\":\"2017-11-16T13:12:41+00:00\",\"breadcrumb\":{\"@id\":\"https:\/\/www.asajacyl.com\/palencia\/aviso-legal#breadcrumb\"},\"inLanguage\":\"es\",\"potentialAction\":[{\"@type\":\"ReadAction\",\"target\":[\"https:\/\/www.asajacyl.com\/palencia\/aviso-legal\"]}]},{\"@type\":\"ImageObject\",\"inLanguage\":\"es\",\"@id\":\"https:\/\/www.asajacyl.com\/palencia\/aviso-legal#primaryimage\",\"url\":\"\",\"contentUrl\":\"\"},{\"@type\":\"BreadcrumbList\",\"@id\":\"https:\/\/www.asajacyl.com\/palencia\/aviso-legal#breadcrumb\",\"itemListElement\":[{\"@type\":\"ListItem\",\"position\":1,\"name\":\"Portada\",\"item\":\"https:\/\/www.asajacyl.com\/palencia\/\"},{\"@type\":\"ListItem\",\"position\":2,\"name\":\"Aviso legal\"}]},{\"@type\":\"WebSite\",\"@id\":\"https:\/\/www.asajacyl.com\/palencia\/#website\",\"url\":\"https:\/\/www.asajacyl.com\/palencia\/\",\"name\":\"ASAJA Palencia\",\"description\":\"Otro sitio m\u00e1s de Provincias ASAJA Castilla y Le\u00f3n\",\"potentialAction\":[{\"@type\":\"SearchAction\",\"target\":{\"@type\":\"EntryPoint\",\"urlTemplate\":\"https:\/\/www.asajacyl.com\/palencia\/?s={search_term_string}\"},\"query-input\":{\"@type\":\"PropertyValueSpecification\",\"valueRequired\":true,\"valueName\":\"search_term_string\"}}],\"inLanguage\":\"es\"}]}<\/script>\n<!-- \/ Yoast SEO plugin. -->","yoast_head_json":{"title":"Aviso legal - ASAJA Palencia","robots":{"index":"index","follow":"follow","max-snippet":"max-snippet:-1","max-image-preview":"max-image-preview:large","max-video-preview":"max-video-preview:-1"},"canonical":"https:\/\/www.asajacyl.com\/palencia\/aviso-legal","og_locale":"es_ES","og_type":"article","og_title":"Aviso legal - ASAJA Palencia","og_description":"Responsable (Prestador del Servicio): ASOCIACI\u00d3N DE AGRICULTORES Y GANADEROS PALENTINOS Nombre Comercial: ASOCIACI\u00d3N DE AGRICULTORES Y GANADEROS PALENTINOS Domicilio Social: C\/Felipe Prieto, 8 (Edif. Bigar), 34001 Palencia &#8211; Espa\u00f1a CIF \/ NIF: G34010629 Tel\u00e9fono: +34 979 110 630 E-Mail: cbayon@asajapalencia.com Nombre de dominio: www.asajapalencia.com INSCRITA EN EL REGISTRO DE ASOCIACIONES DE CASTILLA Y LE\u00d3N, n\u00famero [&hellip;]","og_url":"https:\/\/www.asajacyl.com\/palencia\/aviso-legal","og_site_name":"ASAJA Palencia","article_modified_time":"2017-11-16T13:12:41+00:00","og_image":[{"width":1920,"height":1080,"url":"https:\/\/www.asajacyl.com\/palencia\/wp-content\/uploads\/sites\/3\/2017\/11\/im_predefinida_1920x1080.jpg","type":"image\/jpeg"}],"twitter_card":"summary_large_image","twitter_misc":{"Tiempo de lectura":"10 minutos"},"schema":{"@context":"https:\/\/schema.org","@graph":[{"@type":"WebPage","@id":"https:\/\/www.asajacyl.com\/palencia\/aviso-legal","url":"https:\/\/www.asajacyl.com\/palencia\/aviso-legal","name":"Aviso legal - ASAJA Palencia","isPartOf":{"@id":"https:\/\/www.asajacyl.com\/palencia\/#website"},"primaryImageOfPage":{"@id":"https:\/\/www.asajacyl.com\/palencia\/aviso-legal#primaryimage"},"image":{"@id":"https:\/\/www.asajacyl.com\/palencia\/aviso-legal#primaryimage"},"thumbnailUrl":"","datePublished":"2017-11-07T11:03:31+00:00","dateModified":"2017-11-16T13:12:41+00:00","breadcrumb":{"@id":"https:\/\/www.asajacyl.com\/palencia\/aviso-legal#breadcrumb"},"inLanguage":"es","potentialAction":[{"@type":"ReadAction","target":["https:\/\/www.asajacyl.com\/palencia\/aviso-legal"]}]},{"@type":"ImageObject","inLanguage":"es","@id":"https:\/\/www.asajacyl.com\/palencia\/aviso-legal#primaryimage","url":"","contentUrl":""},{"@type":"BreadcrumbList","@id":"https:\/\/www.asajacyl.com\/palencia\/aviso-legal#breadcrumb","itemListElement":[{"@type":"ListItem","position":1,"name":"Portada","item":"https:\/\/www.asajacyl.com\/palencia\/"},{"@type":"ListItem","position":2,"name":"Aviso legal"}]},{"@type":"WebSite","@id":"https:\/\/www.asajacyl.com\/palencia\/#website","url":"https:\/\/www.asajacyl.com\/palencia\/","name":"ASAJA Palencia","description":"Otro sitio m\u00e1s de Provincias ASAJA Castilla y Le\u00f3n","potentialAction":[{"@type":"SearchAction","target":{"@type":"EntryPoint","urlTemplate":"https:\/\/www.asajacyl.com\/palencia\/?s={search_term_string}"},"query-input":{"@type":"PropertyValueSpecification","valueRequired":true,"valueName":"search_term_string"}}],"inLanguage":"es"}]}},"_links":{"self":[{"href":"https:\/\/www.asajacyl.com\/palencia\/wp-json\/wp\/v2\/pages\/17"}],"collection":[{"href":"https:\/\/www.asajacyl.com\/palencia\/wp-json\/wp\/v2\/pages"}],"about":[{"href":"https:\/\/www.asajacyl.com\/palencia\/wp-json\/wp\/v2\/types\/page"}],"author":[{"embeddable":true,"href":"https:\/\/www.asajacyl.com\/palencia\/wp-json\/wp\/v2\/users\/2"}],"replies":[{"embeddable":true,"href":"https:\/\/www.asajacyl.com\/palencia\/wp-json\/wp\/v2\/comments?post=17"}],"version-history":[{"count":6,"href":"https:\/\/www.asajacyl.com\/palencia\/wp-json\/wp\/v2\/pages\/17\/revisions"}],"predecessor-version":[{"id":1144,"href":"https:\/\/www.asajacyl.com\/palencia\/wp-json\/wp\/v2\/pages\/17\/revisions\/1144"}],"wp:featuredmedia":[{"embeddable":true,"href":"https:\/\/www.asajacyl.com\/palencia\/wp-json\/"}],"wp:attachment":[{"href":"https:\/\/www.asajacyl.com\/palencia\/wp-json\/wp\/v2\/media?parent=17"}],"curies":[{"name":"wp","href":"https:\/\/api.w.org\/{rel}","templated":true}]}}