{"id":15122,"date":"2022-08-25T12:05:12","date_gmt":"2022-08-25T10:05:12","guid":{"rendered":"https:\/\/www.asajacyl.com\/salamanca\/?page_id=15122"},"modified":"2022-08-29T11:13:46","modified_gmt":"2022-08-29T09:13:46","slug":"buzon-de-denuncias-incumplimientos-de-la-ley-de-la-cadena-alimentaria","status":"publish","type":"page","link":"https:\/\/www.asajacyl.com\/salamanca\/buzon-de-denuncias-incumplimientos-de-la-ley-de-la-cadena-alimentaria","title":{"rendered":"Buz\u00f3n de denuncias. Incumplimientos de la Ley de la Cadena Alimentaria"},"content":{"rendered":"\n<p><strong>\u00bfQU\u00c9 SE PUEDE DENUNCIAR?<\/strong><br><br>Una denuncia, conforme al art\u00edculo 11.1d) del Real Decreto 1398\/1993, de 4 de agosto, por el que se aprueba el Reglamento del Procedimiento para el Ejercicio de la Potestad Sancionadora, es el acto por el que cualquier persona, en cumplimiento o no de una obligaci\u00f3n legal, pone en conocimiento de un \u00f3rgano administrativo la existencia de un determinado hecho que pudiera constituir infracci\u00f3n administrativa.<\/p>\n\n\n\n<p>A este respecto, el art\u00edculo 23 de la Ley 12\/2013, de 2 de agosto, de medidas para mejorar el funcionamiento de la cadena alimentaria, establece las infracciones en materia de contrataci\u00f3n alimentaria, que pueden ser denunciadas ante AICA, para que investigue e instruya el procedimiento sancionador, en su caso.<\/p>\n\n\n\n<p>Se puede presentar una denuncia si se encuentra en alguna de estas situaciones:<\/p>\n\n\n\n<ul><li>No se ha realizado el correspondiente contrato.<\/li><li>No incluir los extremos enunciados en el art\u00edculo 9.1 que como m\u00ednimo deben contener los contratos alimentarios, especialmente el precio.<\/li><li>No se han respetado las condiciones y requisitos para la realizaci\u00f3n de subasta electr\u00f3nica.<\/li><li>Se han realizado modificaciones unilaterales del contrato sin haberse pactado.<\/li><li>Se han exigido pagos adicionales al precio pactado en el contrato.<\/li><li>Se ha exigido o se ha revelado informaci\u00f3n comercial sensible de otros operadores, incumpliendo el deber de confidencialidad.<\/li><li>No se ha respetado el plazo de pago legal correspondiente, conforme a lo establecido en la disposici\u00f3n adicional primera de la Ley 15\/2010, de 5 de julio, de modificaci\u00f3n de la ley 3\/2014 (desde entrega de las mercanc\u00edas, 30 d\u00edas para los productos frescos y perecederos y 60 d\u00edas para los no perecederos)<\/li><\/ul>\n\n\n\n<blockquote class=\"wp-block-quote has-text-align-center is-layout-flow wp-block-quote-is-layout-flow\"><p>Cu\u00e9ntanos tu caso y lo estudiamos:<\/p><\/blockquote>\n\n\n\n<div class=\"wp-block-contact-form-7-contact-form-selector\">\n<div class=\"wpcf7 no-js\" id=\"wpcf7-f15121-o1\" lang=\"es-ES\" dir=\"ltr\">\n<div class=\"screen-reader-response\"><p role=\"status\" aria-live=\"polite\" aria-atomic=\"true\"><\/p> <ul><\/ul><\/div>\n<form action=\"\/salamanca\/wp-json\/wp\/v2\/pages\/15122#wpcf7-f15121-o1\" method=\"post\" class=\"wpcf7-form init\" aria-label=\"Formulario de contacto\" novalidate=\"novalidate\" data-status=\"init\">\n<div style=\"display: none;\">\n<input type=\"hidden\" name=\"_wpcf7\" value=\"15121\" \/>\n<input type=\"hidden\" name=\"_wpcf7_version\" value=\"5.9.8\" \/>\n<input type=\"hidden\" name=\"_wpcf7_locale\" value=\"es_ES\" \/>\n<input type=\"hidden\" name=\"_wpcf7_unit_tag\" value=\"wpcf7-f15121-o1\" \/>\n<input type=\"hidden\" name=\"_wpcf7_container_post\" value=\"0\" \/>\n<input type=\"hidden\" name=\"_wpcf7_posted_data_hash\" value=\"\" \/>\n<input type=\"hidden\" name=\"_wpcf7_recaptcha_response\" value=\"\" \/>\n<\/div>\n<p><label> Nombre: (requerido)<br \/>\n<span class=\"wpcf7-form-control-wrap\" data-name=\"your-name\"><input size=\"40\" maxlength=\"400\" class=\"wpcf7-form-control wpcf7-text wpcf7-validates-as-required\" aria-required=\"true\" aria-invalid=\"false\" value=\"\" type=\"text\" name=\"your-name\" \/><\/span> <\/label>\n<\/p>\n<p><label> Apellido: (requerido)<br \/>\n<span class=\"wpcf7-form-control-wrap\" data-name=\"your-apellido\"><input size=\"40\" maxlength=\"400\" class=\"wpcf7-form-control wpcf7-text wpcf7-validates-as-required\" aria-required=\"true\" aria-invalid=\"false\" value=\"\" type=\"text\" name=\"your-apellido\" \/><\/span> <\/label>\n<\/p>\n<p><label> Tel\u00e9fono: (requerido)<br \/>\n<span class=\"wpcf7-form-control-wrap\" data-name=\"tel-183\"><input size=\"40\" maxlength=\"400\" class=\"wpcf7-form-control wpcf7-tel wpcf7-validates-as-required wpcf7-text wpcf7-validates-as-tel\" aria-required=\"true\" aria-invalid=\"false\" value=\"\" type=\"tel\" name=\"tel-183\" \/><\/span> <\/label>\n<\/p>\n<p><label> Tu correo electr\u00f3nico: (requerido)<br \/>\n<span class=\"wpcf7-form-control-wrap\" data-name=\"your-email\"><input size=\"40\" maxlength=\"400\" class=\"wpcf7-form-control wpcf7-email wpcf7-validates-as-required wpcf7-text wpcf7-validates-as-email\" aria-required=\"true\" aria-invalid=\"false\" value=\"\" type=\"email\" name=\"your-email\" \/><\/span> <\/label>\n<\/p>\n<p><label> Tu denuncia:<br \/>\n<span class=\"wpcf7-form-control-wrap\" data-name=\"your-message\"><textarea cols=\"40\" rows=\"10\" maxlength=\"2000\" class=\"wpcf7-form-control wpcf7-textarea\" aria-invalid=\"false\" name=\"your-message\"><\/textarea><\/span> <\/label>\n<\/p>\n<p><span class=\"wpcf7-form-control-wrap\" data-name=\"acceptance-204\"><span class=\"wpcf7-form-control wpcf7-acceptance\"><span class=\"wpcf7-list-item\"><input type=\"checkbox\" name=\"acceptance-204\" value=\"1\" aria-invalid=\"false\" \/><\/span><\/span><\/span><a name=\"privacidad\" id=\"privacidad_link\" href=\"#privacidad\" title=\"He le\u00eddo y acepto la pol\u00edtica de privacidad\">He le\u00eddo y acepto la pol\u00edtica de privacidad<\/a>.\n<\/p>\n<p id=\"privacidad_info_wrapper\" style=\"display:none;\"><br \/>\n<strong>Informaci\u00f3n B\u00e1sica de Protecci\u00f3n de Datos en virtud a Ley Org\u00e1nica 3\/2018<\/strong>, de 5 de diciembre, de Protecci\u00f3n de Datos Personales y garant\u00eda de los derechos digitales. <strong>Responsable<\/strong>: Asaja Salamanca; <strong>Finalidad<\/strong>: prestarle los servicios que nos ha solicitado, atender sus solicitudes de informaci\u00f3n y enviarle comunicaciones comerciales; <strong>Legitimaci\u00f3n<\/strong>: Ejecuci\u00f3n de contrato, Inter\u00e9s leg\u00edtimo del responsable o Consentimiento del Interesado. <strong>Cesiones<\/strong>: No se ceder\u00e1n sus datos a terceros salvo obligaci\u00f3n legal. <strong>Derechos<\/strong>: Tiene derecho a acceder, rectificar y suprimir los datos, as\u00ed como otros derechos, indicados en la informaci\u00f3n adicional, que puede ejercer dirigi\u00e9ndose a <a href=\"mailto:lopd@grupocab.es\" title=\"lopd@grupocab.es\" target=\"_blank\">lopd@grupocab.es<\/a> o en Camino Estrecho de la Aldehuela, Calle Mariseca, 50, 37003, Salamanca. <strong>Informaci\u00f3n adicional<\/strong>: Puede consultar informaci\u00f3n adicional y detallada sobre Protecci\u00f3n de Datos en <a href=\"https:\/\/www.asajacyl.com\/salamanca\" title=\"https:\/\/www.asajacyl.com\/salamanca\" target=\"_blank\">https:\/\/www.asajacyl.com\/salamanca<\/a>.\n<\/p>\n<p><script>jQuery('#privacidad_link').click(function (e) { e.preventDefault(); jQuery('#privacidad_info_wrapper').toggle()});<\/script>\n<\/p>\n\n<p><input class=\"wpcf7-form-control wpcf7-submit has-spinner\" type=\"submit\" value=\"Enviar\" \/>\n<\/p><input type='hidden' class='wpcf7-pum' value='{\"closepopup\":false,\"closedelay\":0,\"openpopup\":false,\"openpopup_id\":0}' \/><div class=\"wpcf7-response-output\" aria-hidden=\"true\"><\/div>\n<\/form>\n<\/div>\n<\/div>\n","protected":false},"excerpt":{"rendered":"<p>\u00bfQU\u00c9 SE PUEDE DENUNCIAR? Una denuncia, conforme al art\u00edculo 11.1d) del Real Decreto 1398\/1993, de 4 de agosto, por el que se aprueba el Reglamento del Procedimiento para el Ejercicio de la Potestad Sancionadora, es el acto por el que cualquier persona, en cumplimiento o no de una obligaci\u00f3n legal, pone en conocimiento de un [&hellip;]<\/p>\n","protected":false},"author":1,"featured_media":685,"parent":0,"menu_order":0,"comment_status":"closed","ping_status":"closed","template":"","meta":{"footnotes":""},"yoast_head":"<!-- This site is optimized with the Yoast SEO plugin v24.5 - https:\/\/yoast.com\/wordpress\/plugins\/seo\/ -->\n<title>Buz\u00f3n de denuncias. Incumplimientos de la Ley de la Cadena Alimentaria - ASAJA Salamanca<\/title>\n<meta name=\"robots\" content=\"index, follow, max-snippet:-1, max-image-preview:large, max-video-preview:-1\" \/>\n<link rel=\"canonical\" href=\"https:\/\/www.asajacyl.com\/salamanca\/buzon-de-denuncias-incumplimientos-de-la-ley-de-la-cadena-alimentaria\" \/>\n<meta property=\"og:locale\" content=\"es_ES\" \/>\n<meta property=\"og:type\" content=\"article\" \/>\n<meta property=\"og:title\" content=\"Buz\u00f3n de denuncias. Incumplimientos de la Ley de la Cadena Alimentaria - ASAJA Salamanca\" \/>\n<meta property=\"og:description\" content=\"\u00bfQU\u00c9 SE PUEDE DENUNCIAR? Una denuncia, conforme al art\u00edculo 11.1d) del Real Decreto 1398\/1993, de 4 de agosto, por el que se aprueba el Reglamento del Procedimiento para el Ejercicio de la Potestad Sancionadora, es el acto por el que cualquier persona, en cumplimiento o no de una obligaci\u00f3n legal, pone en conocimiento de un [&hellip;]\" \/>\n<meta property=\"og:url\" content=\"https:\/\/www.asajacyl.com\/salamanca\/buzon-de-denuncias-incumplimientos-de-la-ley-de-la-cadena-alimentaria\" \/>\n<meta property=\"og:site_name\" content=\"ASAJA Salamanca\" \/>\n<meta property=\"article:modified_time\" content=\"2022-08-29T09:13:46+00:00\" \/>\n<meta name=\"twitter:card\" content=\"summary_large_image\" \/>\n<meta name=\"twitter:label1\" content=\"Tiempo de lectura\" \/>\n\t<meta name=\"twitter:data1\" content=\"2 minutos\" \/>\n<script type=\"application\/ld+json\" class=\"yoast-schema-graph\">{\"@context\":\"https:\/\/schema.org\",\"@graph\":[{\"@type\":\"WebPage\",\"@id\":\"https:\/\/www.asajacyl.com\/salamanca\/buzon-de-denuncias-incumplimientos-de-la-ley-de-la-cadena-alimentaria\",\"url\":\"https:\/\/www.asajacyl.com\/salamanca\/buzon-de-denuncias-incumplimientos-de-la-ley-de-la-cadena-alimentaria\",\"name\":\"Buz\u00f3n de denuncias. Incumplimientos de la Ley de la Cadena Alimentaria - ASAJA Salamanca\",\"isPartOf\":{\"@id\":\"https:\/\/www.asajacyl.com\/salamanca\/#website\"},\"primaryImageOfPage\":{\"@id\":\"https:\/\/www.asajacyl.com\/salamanca\/buzon-de-denuncias-incumplimientos-de-la-ley-de-la-cadena-alimentaria#primaryimage\"},\"image\":{\"@id\":\"https:\/\/www.asajacyl.com\/salamanca\/buzon-de-denuncias-incumplimientos-de-la-ley-de-la-cadena-alimentaria#primaryimage\"},\"thumbnailUrl\":\"\",\"datePublished\":\"2022-08-25T10:05:12+00:00\",\"dateModified\":\"2022-08-29T09:13:46+00:00\",\"breadcrumb\":{\"@id\":\"https:\/\/www.asajacyl.com\/salamanca\/buzon-de-denuncias-incumplimientos-de-la-ley-de-la-cadena-alimentaria#breadcrumb\"},\"inLanguage\":\"es\",\"potentialAction\":[{\"@type\":\"ReadAction\",\"target\":[\"https:\/\/www.asajacyl.com\/salamanca\/buzon-de-denuncias-incumplimientos-de-la-ley-de-la-cadena-alimentaria\"]}]},{\"@type\":\"ImageObject\",\"inLanguage\":\"es\",\"@id\":\"https:\/\/www.asajacyl.com\/salamanca\/buzon-de-denuncias-incumplimientos-de-la-ley-de-la-cadena-alimentaria#primaryimage\",\"url\":\"\",\"contentUrl\":\"\"},{\"@type\":\"BreadcrumbList\",\"@id\":\"https:\/\/www.asajacyl.com\/salamanca\/buzon-de-denuncias-incumplimientos-de-la-ley-de-la-cadena-alimentaria#breadcrumb\",\"itemListElement\":[{\"@type\":\"ListItem\",\"position\":1,\"name\":\"Portada\",\"item\":\"https:\/\/www.asajacyl.com\/salamanca\/\"},{\"@type\":\"ListItem\",\"position\":2,\"name\":\"Buz\u00f3n de denuncias. Incumplimientos de la Ley de la Cadena Alimentaria\"}]},{\"@type\":\"WebSite\",\"@id\":\"https:\/\/www.asajacyl.com\/salamanca\/#website\",\"url\":\"https:\/\/www.asajacyl.com\/salamanca\/\",\"name\":\"ASAJA Salamanca\",\"description\":\"Otro sitio m\u00e1s de Provincias ASAJA Castilla y Le\u00f3n\",\"potentialAction\":[{\"@type\":\"SearchAction\",\"target\":{\"@type\":\"EntryPoint\",\"urlTemplate\":\"https:\/\/www.asajacyl.com\/salamanca\/?s={search_term_string}\"},\"query-input\":{\"@type\":\"PropertyValueSpecification\",\"valueRequired\":true,\"valueName\":\"search_term_string\"}}],\"inLanguage\":\"es\"}]}<\/script>\n<!-- \/ Yoast SEO plugin. -->","yoast_head_json":{"title":"Buz\u00f3n de denuncias. Incumplimientos de la Ley de la Cadena Alimentaria - ASAJA Salamanca","robots":{"index":"index","follow":"follow","max-snippet":"max-snippet:-1","max-image-preview":"max-image-preview:large","max-video-preview":"max-video-preview:-1"},"canonical":"https:\/\/www.asajacyl.com\/salamanca\/buzon-de-denuncias-incumplimientos-de-la-ley-de-la-cadena-alimentaria","og_locale":"es_ES","og_type":"article","og_title":"Buz\u00f3n de denuncias. Incumplimientos de la Ley de la Cadena Alimentaria - ASAJA Salamanca","og_description":"\u00bfQU\u00c9 SE PUEDE DENUNCIAR? Una denuncia, conforme al art\u00edculo 11.1d) del Real Decreto 1398\/1993, de 4 de agosto, por el que se aprueba el Reglamento del Procedimiento para el Ejercicio de la Potestad Sancionadora, es el acto por el que cualquier persona, en cumplimiento o no de una obligaci\u00f3n legal, pone en conocimiento de un [&hellip;]","og_url":"https:\/\/www.asajacyl.com\/salamanca\/buzon-de-denuncias-incumplimientos-de-la-ley-de-la-cadena-alimentaria","og_site_name":"ASAJA Salamanca","article_modified_time":"2022-08-29T09:13:46+00:00","twitter_card":"summary_large_image","twitter_misc":{"Tiempo de lectura":"2 minutos"},"schema":{"@context":"https:\/\/schema.org","@graph":[{"@type":"WebPage","@id":"https:\/\/www.asajacyl.com\/salamanca\/buzon-de-denuncias-incumplimientos-de-la-ley-de-la-cadena-alimentaria","url":"https:\/\/www.asajacyl.com\/salamanca\/buzon-de-denuncias-incumplimientos-de-la-ley-de-la-cadena-alimentaria","name":"Buz\u00f3n de denuncias. Incumplimientos de la Ley de la Cadena Alimentaria - ASAJA Salamanca","isPartOf":{"@id":"https:\/\/www.asajacyl.com\/salamanca\/#website"},"primaryImageOfPage":{"@id":"https:\/\/www.asajacyl.com\/salamanca\/buzon-de-denuncias-incumplimientos-de-la-ley-de-la-cadena-alimentaria#primaryimage"},"image":{"@id":"https:\/\/www.asajacyl.com\/salamanca\/buzon-de-denuncias-incumplimientos-de-la-ley-de-la-cadena-alimentaria#primaryimage"},"thumbnailUrl":"","datePublished":"2022-08-25T10:05:12+00:00","dateModified":"2022-08-29T09:13:46+00:00","breadcrumb":{"@id":"https:\/\/www.asajacyl.com\/salamanca\/buzon-de-denuncias-incumplimientos-de-la-ley-de-la-cadena-alimentaria#breadcrumb"},"inLanguage":"es","potentialAction":[{"@type":"ReadAction","target":["https:\/\/www.asajacyl.com\/salamanca\/buzon-de-denuncias-incumplimientos-de-la-ley-de-la-cadena-alimentaria"]}]},{"@type":"ImageObject","inLanguage":"es","@id":"https:\/\/www.asajacyl.com\/salamanca\/buzon-de-denuncias-incumplimientos-de-la-ley-de-la-cadena-alimentaria#primaryimage","url":"","contentUrl":""},{"@type":"BreadcrumbList","@id":"https:\/\/www.asajacyl.com\/salamanca\/buzon-de-denuncias-incumplimientos-de-la-ley-de-la-cadena-alimentaria#breadcrumb","itemListElement":[{"@type":"ListItem","position":1,"name":"Portada","item":"https:\/\/www.asajacyl.com\/salamanca\/"},{"@type":"ListItem","position":2,"name":"Buz\u00f3n de denuncias. Incumplimientos de la Ley de la Cadena Alimentaria"}]},{"@type":"WebSite","@id":"https:\/\/www.asajacyl.com\/salamanca\/#website","url":"https:\/\/www.asajacyl.com\/salamanca\/","name":"ASAJA Salamanca","description":"Otro sitio m\u00e1s de Provincias ASAJA Castilla y Le\u00f3n","potentialAction":[{"@type":"SearchAction","target":{"@type":"EntryPoint","urlTemplate":"https:\/\/www.asajacyl.com\/salamanca\/?s={search_term_string}"},"query-input":{"@type":"PropertyValueSpecification","valueRequired":true,"valueName":"search_term_string"}}],"inLanguage":"es"}]}},"_links":{"self":[{"href":"https:\/\/www.asajacyl.com\/salamanca\/wp-json\/wp\/v2\/pages\/15122"}],"collection":[{"href":"https:\/\/www.asajacyl.com\/salamanca\/wp-json\/wp\/v2\/pages"}],"about":[{"href":"https:\/\/www.asajacyl.com\/salamanca\/wp-json\/wp\/v2\/types\/page"}],"author":[{"embeddable":true,"href":"https:\/\/www.asajacyl.com\/salamanca\/wp-json\/wp\/v2\/users\/1"}],"replies":[{"embeddable":true,"href":"https:\/\/www.asajacyl.com\/salamanca\/wp-json\/wp\/v2\/comments?post=15122"}],"version-history":[{"count":3,"href":"https:\/\/www.asajacyl.com\/salamanca\/wp-json\/wp\/v2\/pages\/15122\/revisions"}],"predecessor-version":[{"id":15127,"href":"https:\/\/www.asajacyl.com\/salamanca\/wp-json\/wp\/v2\/pages\/15122\/revisions\/15127"}],"wp:featuredmedia":[{"embeddable":true,"href":"https:\/\/www.asajacyl.com\/salamanca\/wp-json\/"}],"wp:attachment":[{"href":"https:\/\/www.asajacyl.com\/salamanca\/wp-json\/wp\/v2\/media?parent=15122"}],"curies":[{"name":"wp","href":"https:\/\/api.w.org\/{rel}","templated":true}]}}