{"id":5757,"date":"2018-06-11T10:45:20","date_gmt":"2018-06-11T10:45:20","guid":{"rendered":"http:\/\/www.asajacyl.com\/salamanca\/?page_id=5757"},"modified":"2021-02-11T09:59:03","modified_gmt":"2021-02-11T09:59:03","slug":"condiciones-privacidad","status":"publish","type":"page","link":"https:\/\/www.asajacyl.com\/salamanca\/condiciones-privacidad","title":{"rendered":"Condiciones de privacidad"},"content":{"rendered":"<ol>\n<li><strong>\u00bfQui\u00e9n es el responsable del tratamiento de sus datos?<\/strong><\/li>\n<\/ol>\n<p>ASAJA SALAMANCA<\/p>\n<p>G37246527<\/p>\n<p>CAMINO ESTRECHO DE LA ALDEHUELA, 50, 37003 SALAMANCA<\/p>\n<p>923190270<\/p>\n<p><a href=\"mailto:asaja@asajasalamanca.com\">asaja@asajasalamanca.com<\/a><\/p>\n<ul>\n<li><strong><em>Delegado de Protecci\u00f3n de Datos (DPD):<\/em><\/strong><\/li>\n<\/ul>\n<ul>\n<li>Agustin Lorenzo Gomez<\/li>\n<li>Comuneros 89<\/li>\n<li><a href=\"mailto:agustin@grupocab.es\">agustin@grupocab.es<\/a><\/li>\n<\/ul>\n<p><strong>Tratamiento de los datos de potenciales clientes <\/strong><\/p>\n<ol start=\"2\">\n<li><strong>\u00bfCon qu\u00e9 finalidad tratamos sus datos personales?<\/strong><\/li>\n<\/ol>\n<p>En ASAJA SALAMANCA tratamos la informaci\u00f3n que nos facilitan las personas interesadas con el fin de Atender su solicitud y enviarle comunicaciones comerciales, inclusive por v\u00eda electr\u00f3nica<\/p>\n<ol start=\"3\">\n<li><strong>\u00bfPor cu\u00e1nto tiempo conservaremos sus datos?<\/strong><\/li>\n<\/ol>\n<p>Los datos se conservar\u00e1n mientras el interesado no solicite su supresi\u00f3n<\/p>\n<ol start=\"4\">\n<li><strong>\u00bfCu\u00e1l es la legitimaci\u00f3n para el tratamiento de sus datos?<\/strong><\/li>\n<\/ol>\n<p>Le indicamos la base legal para el tratamiento de sus datos:<\/p>\n<ul>\n<li>Ejecuci\u00f3n de un contrato: Atender su solicitud<\/li>\n<li>Consentimiento del interesado: Enviarle comunicaciones comerciales<\/li>\n<\/ul>\n<ol start=\"5\">\n<li><strong>\u00bfA qu\u00e9 destinatarios se comunicar\u00e1n sus datos?<\/strong><\/li>\n<\/ol>\n<p>No se ceder\u00e1n datos a terceros, salvo obligaci\u00f3n legal.<\/p>\n<ol start=\"6\">\n<li><strong>Transferencias de datos a terceros pa\u00edses<\/strong><\/li>\n<\/ol>\n<p>No est\u00e1n previstas transferencias de datos a terceros pa\u00edses.<\/p>\n<ol start=\"7\">\n<li><strong>\u00bfCu\u00e1les son sus derechos cuando nos facilita sus datos?<\/strong><\/li>\n<\/ol>\n<p>Cualquier persona tiene derecho a obtener confirmaci\u00f3n sobre si en ASAJA SALAMANCA estamos tratando datos personales que les conciernan, o no.<\/p>\n<p>Las personas interesadas tienen derecho a acceder a sus datos personales, as\u00ed como a solicitar la rectificaci\u00f3n de los datos inexactos o, en su caso, solicitar su supresi\u00f3n cuando, entre otros motivos, los datos ya no sean necesarios para los fines que fueron recogidos.<\/p>\n<p>En determinadas circunstancias, los interesados podr\u00e1n solicitar la limitaci\u00f3n del tratamiento de sus datos, en cuyo caso \u00fanicamente los conservaremos para el ejercicio o la defensa de reclamaciones.<\/p>\n<p>En determinadas circunstancias y por motivos relacionados con su situaci\u00f3n particular, los interesados podr\u00e1n oponerse al tratamiento de sus datos. En este caso, ASAJA SALAMANCA dejar\u00e1 de tratar los datos, salvo por motivos leg\u00edtimos imperiosos, o el ejercicio o la defensa de posibles reclamaciones.<\/p>\n<p>Podr\u00e1 ejercitar materialmente sus derechos de la siguiente forma: Puede ejercer sus derechos enviando un correo electr\u00f3nico al responsable<\/p>\n<p>Si ha otorgado su consentimiento para alguna finalidad concreta, tiene derecho a retirar el consentimiento otorgado en cualquier momento, sin que ello afecte a la licitud del tratamiento basado en el consentimiento previo a su retirada.<\/p>\n<p>En caso de que sienta vulnerados sus derechos en lo concerniente a la protecci\u00f3n de sus datos personales, especialmente cuando no haya obtenido satisfacci\u00f3n en el ejercicio de sus derechos, puede presentar una reclamaci\u00f3n ante la Autoridad de Control en materia de Protecci\u00f3n de Datos competente a trav\u00e9s de su sitio web: www.agpd.es.<\/p>\n<ol start=\"8\">\n<li><strong>\u00bfC\u00f3mo hemos obtenido sus datos?<\/strong><\/li>\n<\/ol>\n<p>Los datos personales que tratamos en ASAJA SALAMANCA proceden fuentes accesibles al publico<\/p>\n<p>Las categor\u00edas de datos que se tratan son:<\/p>\n<ul>\n<li>Datos identificativos<\/li>\n<li>Direcciones postales y electr\u00f3nicas<\/li>\n<\/ul>\n<p>No se tratan categor\u00edas especiales de datos personales (son aquellos datos que revelen el origen \u00e9tnico o racial, las opiniones pol\u00edticas, las convicciones religiosas o filos\u00f3ficas, o la afiliaci\u00f3n sindical, datos gen\u00e9ticos, datos biom\u00e9tricos dirigidos a identificar de manera un\u00edvoca a una persona f\u00edsica, datos relativos a la salud o datos relativos a la vida sexual o la orientaci\u00f3n sexual de una persona f\u00edsica).<\/p>\n<p><strong>Tratamiento de los datos del personal <\/strong><\/p>\n<ol>\n<li><strong>\u00bfCon qu\u00e9 finalidad tratamos sus datos personales?<\/strong><\/li>\n<\/ol>\n<p>En ASAJA SALAMANCA tratamos la informaci\u00f3n que nos facilitan las personas interesadas con el fin de Elaborar el contrato de trabajo, n\u00f3minas y seguros sociales, as\u00ed como realizar la prevenci\u00f3n de riesgos laborales y la vigilancia de la salud.<\/p>\n<ol start=\"2\">\n<li><strong>\u00bfPor cu\u00e1nto tiempo conservaremos sus datos?<\/strong><\/li>\n<\/ol>\n<p>Mientras se mantenga la relaci\u00f3n laboral con la entidad y durante los a\u00f1os necesarios para cumplir con las obligaciones legales.<\/p>\n<ol start=\"3\">\n<li><strong>\u00bfCu\u00e1l es la legitimaci\u00f3n para el tratamiento de sus datos?<\/strong><\/li>\n<\/ol>\n<p>Le indicamos la base legal para el tratamiento de sus datos:<\/p>\n<ul>\n<li>Ejecuci\u00f3n de un contrato: Mantenimiento de la relaci\u00f3n laboral<\/li>\n<\/ul>\n<ol start=\"4\">\n<li><strong>\u00bfA qu\u00e9 destinatarios se comunicar\u00e1n sus datos?<\/strong><\/li>\n<\/ol>\n<p>Los datos se comunicar\u00e1n a los siguientes destinatarios:<\/p>\n<ul>\n<li>Agencia Tributaria, Seguridad Social y Mutua, con la finalidad de Cumplimiento de las obligaciones legales<\/li>\n<\/ul>\n<ol start=\"5\">\n<li><strong>Transferencias de datos a terceros pa\u00edses<\/strong><\/li>\n<\/ol>\n<p>No est\u00e1n previstas transferencias de datos a terceros pa\u00edses.<\/p>\n<ol start=\"6\">\n<li><strong>\u00bfCu\u00e1les son sus derechos cuando nos facilita sus datos?<\/strong><\/li>\n<\/ol>\n<p>Cualquier persona tiene derecho a obtener confirmaci\u00f3n sobre si en ASAJA SALAMANCA estamos tratando datos personales que les conciernan, o no.<\/p>\n<p>Las personas interesadas tienen derecho a acceder a sus datos personales, as\u00ed como a solicitar la rectificaci\u00f3n de los datos inexactos o, en su caso, solicitar su supresi\u00f3n cuando, entre otros motivos, los datos ya no sean necesarios para los fines que fueron recogidos.<\/p>\n<p>En determinadas circunstancias, los interesados podr\u00e1n solicitar la limitaci\u00f3n del tratamiento de sus datos, en cuyo caso \u00fanicamente los conservaremos para el ejercicio o la defensa de reclamaciones.<\/p>\n<p>En determinadas circunstancias y por motivos relacionados con su situaci\u00f3n particular, los interesados podr\u00e1n oponerse al tratamiento de sus datos. En este caso, ASAJA SALAMANCA dejar\u00e1 de tratar los datos, salvo por motivos leg\u00edtimos imperiosos, o el ejercicio o la defensa de posibles reclamaciones.<\/p>\n<p>Podr\u00e1 ejercitar materialmente sus derechos de la siguiente forma: dirigi\u00e9ndose a la direcci\u00f3n del responsable del tratamiento<\/p>\n<p>Si ha otorgado su consentimiento para alguna finalidad concreta, tiene derecho a retirar el consentimiento otorgado en cualquier momento, sin que ello afecte a la licitud del tratamiento basado en el consentimiento previo a su retirada.<\/p>\n<p>En caso de que sienta vulnerados sus derechos en lo concerniente a la protecci\u00f3n de sus datos personales, especialmente cuando no haya obtenido satisfacci\u00f3n en el ejercicio de sus derechos, puede presentar una reclamaci\u00f3n ante la Autoridad de Control en materia de Protecci\u00f3n de Datos competente a trav\u00e9s de su sitio web: www.agpd.es.<\/p>\n<ol start=\"7\">\n<li><strong>\u00bfC\u00f3mo hemos obtenido sus datos?<\/strong><\/li>\n<\/ol>\n<p>Los datos personales que tratamos en ASAJA SALAMANCA proceden de los propios interesados<\/p>\n<p>Las categor\u00edas de datos que se tratan son:<\/p>\n<ul>\n<li>Datos identificativos<\/li>\n<li>Informaci\u00f3n comercial<\/li>\n<li>Datos econ\u00f3micos<\/li>\n<\/ul>\n<p>Se tratan las siguientes categor\u00edas de datos especiales: salud<\/p>\n<p><strong>Tratamiento de los datos de clientes y socios<\/strong><\/p>\n<ol>\n<li><strong>\u00bfCon qu\u00e9 finalidad tratamos sus datos personales?<\/strong><\/li>\n<\/ol>\n<p>En ASAJA SALAMANCA tratamos la informaci\u00f3n que nos facilitan las personas interesadas con el fin de Realizar la gesti\u00f3n administrativa, contable y fiscal de los servicios solicitados, as\u00ed como enviar comunicaciones comerciales sobre nuestros productos y servicios.<\/p>\n<ol start=\"2\">\n<li><strong>\u00bfPor cu\u00e1nto tiempo conservaremos sus datos?<\/strong><\/li>\n<\/ol>\n<p>Los datos se conservar\u00e1n mientras el interesado no solicite su supresi\u00f3n, y en su caso, durante los a\u00f1os necesarios para cumplir con las obligaciones legales.<\/p>\n<ol start=\"3\">\n<li><strong>\u00bfCu\u00e1l es la legitimaci\u00f3n para el tratamiento de sus datos?<\/strong><\/li>\n<\/ol>\n<p>Le indicamos la base legal para el tratamiento de sus datos:<\/p>\n<ul>\n<li>Ejecuci\u00f3n de un contrato: Prestaci\u00f3n de los servicios solicitados<\/li>\n<li>Inter\u00e9s leg\u00edtimo del Responsable: Env\u00edo de comunicaciones comerciales<\/li>\n<\/ul>\n<ol start=\"4\">\n<li><strong>\u00bfA qu\u00e9 destinatarios se comunicar\u00e1n sus datos?<\/strong><\/li>\n<\/ol>\n<p>Los datos se comunicar\u00e1n a los siguientes destinatarios:<\/p>\n<ul>\n<li>Agencia Tributaria, con la finalidad de Cumplir con las obligaciones legales<\/li>\n<li>Entidades financieras, con la finalidad de Girar los recibos correspondientes<\/li>\n<\/ul>\n<ol start=\"5\">\n<li><strong>Transferencias de datos a terceros pa\u00edses<\/strong><\/li>\n<\/ol>\n<p>No est\u00e1n previstas transferencias de datos a terceros pa\u00edses.<\/p>\n<ol start=\"6\">\n<li><strong>\u00bfCu\u00e1les son sus derechos cuando nos facilita sus datos?<\/strong><\/li>\n<\/ol>\n<p>Cualquier persona tiene derecho a obtener confirmaci\u00f3n sobre si en ASAJA SALAMANCA estamos tratando datos personales que les conciernan, o no.<\/p>\n<p>Las personas interesadas tienen derecho a acceder a sus datos personales, as\u00ed como a solicitar la rectificaci\u00f3n de los datos inexactos o, en su caso, solicitar su supresi\u00f3n cuando, entre otros motivos, los datos ya no sean necesarios para los fines que fueron recogidos.<\/p>\n<p>En determinadas circunstancias, los interesados podr\u00e1n solicitar la limitaci\u00f3n del tratamiento de sus datos, en cuyo caso \u00fanicamente los conservaremos para el ejercicio o la defensa de reclamaciones.<\/p>\n<p>En determinadas circunstancias y por motivos relacionados con su situaci\u00f3n particular, los interesados podr\u00e1n oponerse al tratamiento de sus datos. En este caso, ASAJA SALAMANCA dejar\u00e1 de tratar los datos, salvo por motivos leg\u00edtimos imperiosos, o el ejercicio o la defensa de posibles reclamaciones.<\/p>\n<p>Podr\u00e1 ejercitar materialmente sus derechos de la siguiente forma: dirigi\u00e9ndose a la direcci\u00f3n del responsable del tratamiento<\/p>\n<p>Si ha otorgado su consentimiento para alguna finalidad concreta, tiene derecho a retirar el consentimiento otorgado en cualquier momento, sin que ello afecte a la licitud del tratamiento basado en el consentimiento previo a su retirada.<\/p>\n<p>En caso de que sienta vulnerados sus derechos en lo concerniente a la protecci\u00f3n de sus datos personales, especialmente cuando no haya obtenido satisfacci\u00f3n en el ejercicio de sus derechos, puede presentar una reclamaci\u00f3n ante la Autoridad de Control en materia de Protecci\u00f3n de Datos competente a trav\u00e9s de su sitio web: www.agpd.es.<\/p>\n<ol start=\"7\">\n<li><strong>\u00bfC\u00f3mo hemos obtenido sus datos?<\/strong><\/li>\n<\/ol>\n<p>Los datos personales que tratamos en ASAJA SALAMANCA proceden del propio interesado<\/p>\n<p>Las categor\u00edas de datos que se tratan son:<\/p>\n<ul>\n<li>Datos identificativos<\/li>\n<li>Direcciones postales y electr\u00f3nicas<\/li>\n<li>Informaci\u00f3n comercial<\/li>\n<\/ul>\n<p>No se tratan categor\u00edas especiales de datos personales (son aquellos datos que revelen el origen \u00e9tnico o racial, las opiniones pol\u00edticas, las convicciones religiosas o filos\u00f3ficas, o la afiliaci\u00f3n sindical, datos gen\u00e9ticos, datos biom\u00e9tricos dirigidos a identificar de manera un\u00edvoca a una persona f\u00edsica, datos relativos a la salud o datos relativos a la vida sexual o la orientaci\u00f3n sexual de una persona f\u00edsica).<\/p>\n<p><strong>Tratamiento de los datos de candidatos a un puesto de trabajo<\/strong><\/p>\n<ol>\n<li><strong>\u00bfCon qu\u00e9 finalidad tratamos sus datos personales?<\/strong><\/li>\n<\/ol>\n<p>En ASAJA SALAMANCA tratamos la informaci\u00f3n que nos facilitan las personas interesadas con el fin de Gestionar los Curriculum Vitae recibidos y realizar los procesos de selecci\u00f3n de personal<\/p>\n<ol start=\"2\">\n<li><strong>\u00bfPor cu\u00e1nto tiempo conservaremos sus datos?<\/strong><\/li>\n<\/ol>\n<p>Dos a\u00f1os desde la \u00faltima interacci\u00f3n<\/p>\n<ol start=\"3\">\n<li><strong>\u00bfCu\u00e1l es la legitimaci\u00f3n para el tratamiento de sus datos?<\/strong><\/li>\n<\/ol>\n<p>Le indicamos la base legal para el tratamiento de sus datos:<\/p>\n<ul>\n<li>Consentimiento del interesado: Gestionar los Curriculum Vitae recibidos y realizar los procesos de selecci\u00f3n de personal<\/li>\n<\/ul>\n<ol start=\"4\">\n<li><strong>\u00bfA qu\u00e9 destinatarios se comunicar\u00e1n sus datos?<\/strong><\/li>\n<\/ol>\n<p>No se ceder\u00e1n datos a terceros, salvo obligaci\u00f3n legal.<\/p>\n<ol start=\"5\">\n<li><strong>Transferencias de datos a terceros pa\u00edses<\/strong><\/li>\n<\/ol>\n<p>No est\u00e1n previstas transferencias de datos a terceros pa\u00edses.<\/p>\n<ol start=\"6\">\n<li><strong>\u00bfCu\u00e1les son sus derechos cuando nos facilita sus datos?<\/strong><\/li>\n<\/ol>\n<p>Cualquier persona tiene derecho a obtener confirmaci\u00f3n sobre si en ASAJA SALAMANCA estamos tratando datos personales que les conciernan, o no.<\/p>\n<p>Las personas interesadas tienen derecho a acceder a sus datos personales, as\u00ed como a solicitar la rectificaci\u00f3n de los datos inexactos o, en su caso, solicitar su supresi\u00f3n cuando, entre otros motivos, los datos ya no sean necesarios para los fines que fueron recogidos.<\/p>\n<p>En determinadas circunstancias, los interesados podr\u00e1n solicitar la limitaci\u00f3n del tratamiento de sus datos, en cuyo caso \u00fanicamente los conservaremos para el ejercicio o la defensa de reclamaciones.<\/p>\n<p>En determinadas circunstancias y por motivos relacionados con su situaci\u00f3n particular, los interesados podr\u00e1n oponerse al tratamiento de sus datos. En este caso, ASAJA SALAMANCA dejar\u00e1 de tratar los datos, salvo por motivos leg\u00edtimos imperiosos, o el ejercicio o la defensa de posibles reclamaciones.<\/p>\n<p>Podr\u00e1 ejercitar materialmente sus derechos de la siguiente forma: dirigi\u00e9ndose a la direcci\u00f3n del responsable del tratamiento<\/p>\n<p>Si ha otorgado su consentimiento para alguna finalidad concreta, tiene derecho a retirar el consentimiento otorgado en cualquier momento, sin que ello afecte a la licitud del tratamiento basado en el consentimiento previo a su retirada.<\/p>\n<p>En caso de que sienta vulnerados sus derechos en lo concerniente a la protecci\u00f3n de sus datos personales, especialmente cuando no haya obtenido satisfacci\u00f3n en el ejercicio de sus derechos, puede presentar una reclamaci\u00f3n ante la Autoridad de Control en materia de Protecci\u00f3n de Datos competente a trav\u00e9s de su sitio web: www.agpd.es.<\/p>\n<ol start=\"7\">\n<li><strong>\u00bfC\u00f3mo hemos obtenido sus datos?<\/strong><\/li>\n<\/ol>\n<p>Los datos personales que tratamos en ASAJA SALAMANCA proceden del propio interesado.<\/p>\n<p>Las categor\u00edas de datos que se tratan son:<\/p>\n<ul>\n<li>Datos identificativos<\/li>\n<li>Direcciones postales y electr\u00f3nicas<\/li>\n<\/ul>\n<p>No se tratan categor\u00edas especiales de datos personales (son aquellos datos que revelen el origen \u00e9tnico o racial, las opiniones pol\u00edticas, las convicciones religiosas o filos\u00f3ficas, o la afiliaci\u00f3n sindical, datos gen\u00e9ticos, datos biom\u00e9tricos dirigidos a identificar de manera un\u00edvoca a una persona f\u00edsica, datos relativos a la salud o datos relativos a la vida sexual o la orientaci\u00f3n sexual de una persona f\u00edsica).<\/p>\n","protected":false},"excerpt":{"rendered":"<p>\u00bfQui\u00e9n es el responsable del tratamiento de sus datos? ASAJA SALAMANCA G37246527 CAMINO ESTRECHO DE LA ALDEHUELA, 50, 37003 SALAMANCA 923190270 asaja@asajasalamanca.com Delegado de Protecci\u00f3n de Datos (DPD): Agustin Lorenzo Gomez Comuneros 89 agustin@grupocab.es Tratamiento de los datos de potenciales clientes \u00bfCon qu\u00e9 finalidad tratamos sus datos personales? En ASAJA SALAMANCA tratamos la informaci\u00f3n que [&hellip;]<\/p>\n","protected":false},"author":10,"featured_media":685,"parent":0,"menu_order":0,"comment_status":"closed","ping_status":"closed","template":"","meta":{"footnotes":""},"yoast_head":"<!-- This site is optimized with the Yoast SEO plugin v24.5 - https:\/\/yoast.com\/wordpress\/plugins\/seo\/ -->\n<title>Condiciones de privacidad - ASAJA Salamanca<\/title>\n<meta name=\"robots\" content=\"index, follow, max-snippet:-1, max-image-preview:large, max-video-preview:-1\" \/>\n<link rel=\"canonical\" href=\"https:\/\/www.asajacyl.com\/salamanca\/condiciones-privacidad\" \/>\n<meta property=\"og:locale\" content=\"es_ES\" \/>\n<meta property=\"og:type\" content=\"article\" \/>\n<meta property=\"og:title\" content=\"Condiciones de privacidad - ASAJA Salamanca\" \/>\n<meta property=\"og:description\" content=\"\u00bfQui\u00e9n es el responsable del tratamiento de sus datos? ASAJA SALAMANCA G37246527 CAMINO ESTRECHO DE LA ALDEHUELA, 50, 37003 SALAMANCA 923190270 asaja@asajasalamanca.com Delegado de Protecci\u00f3n de Datos (DPD): Agustin Lorenzo Gomez Comuneros 89 agustin@grupocab.es Tratamiento de los datos de potenciales clientes \u00bfCon qu\u00e9 finalidad tratamos sus datos personales? En ASAJA SALAMANCA tratamos la informaci\u00f3n que [&hellip;]\" \/>\n<meta property=\"og:url\" content=\"https:\/\/www.asajacyl.com\/salamanca\/condiciones-privacidad\" \/>\n<meta property=\"og:site_name\" content=\"ASAJA Salamanca\" \/>\n<meta property=\"article:modified_time\" content=\"2021-02-11T09:59:03+00:00\" \/>\n<meta property=\"og:image\" content=\"https:\/\/www.asajacyl.com\/salamanca\/wp-content\/uploads\/sites\/7\/2017\/11\/im_predefinida_1920x1080.jpg\" \/>\n\t<meta property=\"og:image:width\" content=\"1920\" \/>\n\t<meta property=\"og:image:height\" content=\"1080\" \/>\n\t<meta property=\"og:image:type\" content=\"image\/jpeg\" \/>\n<meta name=\"twitter:card\" content=\"summary_large_image\" \/>\n<meta name=\"twitter:label1\" content=\"Tiempo de lectura\" \/>\n\t<meta name=\"twitter:data1\" content=\"9 minutos\" \/>\n<script type=\"application\/ld+json\" class=\"yoast-schema-graph\">{\"@context\":\"https:\/\/schema.org\",\"@graph\":[{\"@type\":\"WebPage\",\"@id\":\"https:\/\/www.asajacyl.com\/salamanca\/condiciones-privacidad\",\"url\":\"https:\/\/www.asajacyl.com\/salamanca\/condiciones-privacidad\",\"name\":\"Condiciones de privacidad - ASAJA Salamanca\",\"isPartOf\":{\"@id\":\"https:\/\/www.asajacyl.com\/salamanca\/#website\"},\"primaryImageOfPage\":{\"@id\":\"https:\/\/www.asajacyl.com\/salamanca\/condiciones-privacidad#primaryimage\"},\"image\":{\"@id\":\"https:\/\/www.asajacyl.com\/salamanca\/condiciones-privacidad#primaryimage\"},\"thumbnailUrl\":\"\",\"datePublished\":\"2018-06-11T10:45:20+00:00\",\"dateModified\":\"2021-02-11T09:59:03+00:00\",\"breadcrumb\":{\"@id\":\"https:\/\/www.asajacyl.com\/salamanca\/condiciones-privacidad#breadcrumb\"},\"inLanguage\":\"es\",\"potentialAction\":[{\"@type\":\"ReadAction\",\"target\":[\"https:\/\/www.asajacyl.com\/salamanca\/condiciones-privacidad\"]}]},{\"@type\":\"ImageObject\",\"inLanguage\":\"es\",\"@id\":\"https:\/\/www.asajacyl.com\/salamanca\/condiciones-privacidad#primaryimage\",\"url\":\"\",\"contentUrl\":\"\"},{\"@type\":\"BreadcrumbList\",\"@id\":\"https:\/\/www.asajacyl.com\/salamanca\/condiciones-privacidad#breadcrumb\",\"itemListElement\":[{\"@type\":\"ListItem\",\"position\":1,\"name\":\"Portada\",\"item\":\"https:\/\/www.asajacyl.com\/salamanca\/\"},{\"@type\":\"ListItem\",\"position\":2,\"name\":\"Condiciones de privacidad\"}]},{\"@type\":\"WebSite\",\"@id\":\"https:\/\/www.asajacyl.com\/salamanca\/#website\",\"url\":\"https:\/\/www.asajacyl.com\/salamanca\/\",\"name\":\"ASAJA Salamanca\",\"description\":\"Otro sitio m\u00e1s de Provincias ASAJA Castilla y Le\u00f3n\",\"potentialAction\":[{\"@type\":\"SearchAction\",\"target\":{\"@type\":\"EntryPoint\",\"urlTemplate\":\"https:\/\/www.asajacyl.com\/salamanca\/?s={search_term_string}\"},\"query-input\":{\"@type\":\"PropertyValueSpecification\",\"valueRequired\":true,\"valueName\":\"search_term_string\"}}],\"inLanguage\":\"es\"}]}<\/script>\n<!-- \/ Yoast SEO plugin. -->","yoast_head_json":{"title":"Condiciones de privacidad - ASAJA Salamanca","robots":{"index":"index","follow":"follow","max-snippet":"max-snippet:-1","max-image-preview":"max-image-preview:large","max-video-preview":"max-video-preview:-1"},"canonical":"https:\/\/www.asajacyl.com\/salamanca\/condiciones-privacidad","og_locale":"es_ES","og_type":"article","og_title":"Condiciones de privacidad - ASAJA Salamanca","og_description":"\u00bfQui\u00e9n es el responsable del tratamiento de sus datos? ASAJA SALAMANCA G37246527 CAMINO ESTRECHO DE LA ALDEHUELA, 50, 37003 SALAMANCA 923190270 asaja@asajasalamanca.com Delegado de Protecci\u00f3n de Datos (DPD): Agustin Lorenzo Gomez Comuneros 89 agustin@grupocab.es Tratamiento de los datos de potenciales clientes \u00bfCon qu\u00e9 finalidad tratamos sus datos personales? En ASAJA SALAMANCA tratamos la informaci\u00f3n que [&hellip;]","og_url":"https:\/\/www.asajacyl.com\/salamanca\/condiciones-privacidad","og_site_name":"ASAJA Salamanca","article_modified_time":"2021-02-11T09:59:03+00:00","og_image":[{"width":1920,"height":1080,"url":"https:\/\/www.asajacyl.com\/salamanca\/wp-content\/uploads\/sites\/7\/2017\/11\/im_predefinida_1920x1080.jpg","type":"image\/jpeg"}],"twitter_card":"summary_large_image","twitter_misc":{"Tiempo de lectura":"9 minutos"},"schema":{"@context":"https:\/\/schema.org","@graph":[{"@type":"WebPage","@id":"https:\/\/www.asajacyl.com\/salamanca\/condiciones-privacidad","url":"https:\/\/www.asajacyl.com\/salamanca\/condiciones-privacidad","name":"Condiciones de privacidad - ASAJA Salamanca","isPartOf":{"@id":"https:\/\/www.asajacyl.com\/salamanca\/#website"},"primaryImageOfPage":{"@id":"https:\/\/www.asajacyl.com\/salamanca\/condiciones-privacidad#primaryimage"},"image":{"@id":"https:\/\/www.asajacyl.com\/salamanca\/condiciones-privacidad#primaryimage"},"thumbnailUrl":"","datePublished":"2018-06-11T10:45:20+00:00","dateModified":"2021-02-11T09:59:03+00:00","breadcrumb":{"@id":"https:\/\/www.asajacyl.com\/salamanca\/condiciones-privacidad#breadcrumb"},"inLanguage":"es","potentialAction":[{"@type":"ReadAction","target":["https:\/\/www.asajacyl.com\/salamanca\/condiciones-privacidad"]}]},{"@type":"ImageObject","inLanguage":"es","@id":"https:\/\/www.asajacyl.com\/salamanca\/condiciones-privacidad#primaryimage","url":"","contentUrl":""},{"@type":"BreadcrumbList","@id":"https:\/\/www.asajacyl.com\/salamanca\/condiciones-privacidad#breadcrumb","itemListElement":[{"@type":"ListItem","position":1,"name":"Portada","item":"https:\/\/www.asajacyl.com\/salamanca\/"},{"@type":"ListItem","position":2,"name":"Condiciones de privacidad"}]},{"@type":"WebSite","@id":"https:\/\/www.asajacyl.com\/salamanca\/#website","url":"https:\/\/www.asajacyl.com\/salamanca\/","name":"ASAJA Salamanca","description":"Otro sitio m\u00e1s de Provincias ASAJA Castilla y Le\u00f3n","potentialAction":[{"@type":"SearchAction","target":{"@type":"EntryPoint","urlTemplate":"https:\/\/www.asajacyl.com\/salamanca\/?s={search_term_string}"},"query-input":{"@type":"PropertyValueSpecification","valueRequired":true,"valueName":"search_term_string"}}],"inLanguage":"es"}]}},"_links":{"self":[{"href":"https:\/\/www.asajacyl.com\/salamanca\/wp-json\/wp\/v2\/pages\/5757"}],"collection":[{"href":"https:\/\/www.asajacyl.com\/salamanca\/wp-json\/wp\/v2\/pages"}],"about":[{"href":"https:\/\/www.asajacyl.com\/salamanca\/wp-json\/wp\/v2\/types\/page"}],"author":[{"embeddable":true,"href":"https:\/\/www.asajacyl.com\/salamanca\/wp-json\/wp\/v2\/users\/10"}],"replies":[{"embeddable":true,"href":"https:\/\/www.asajacyl.com\/salamanca\/wp-json\/wp\/v2\/comments?post=5757"}],"version-history":[{"count":3,"href":"https:\/\/www.asajacyl.com\/salamanca\/wp-json\/wp\/v2\/pages\/5757\/revisions"}],"predecessor-version":[{"id":10732,"href":"https:\/\/www.asajacyl.com\/salamanca\/wp-json\/wp\/v2\/pages\/5757\/revisions\/10732"}],"wp:featuredmedia":[{"embeddable":true,"href":"https:\/\/www.asajacyl.com\/salamanca\/wp-json\/"}],"wp:attachment":[{"href":"https:\/\/www.asajacyl.com\/salamanca\/wp-json\/wp\/v2\/media?parent=5757"}],"curies":[{"name":"wp","href":"https:\/\/api.w.org\/{rel}","templated":true}]}}