{"id":13,"date":"2017-11-14T09:09:13","date_gmt":"2017-11-14T09:09:13","guid":{"rendered":"https:\/\/www.asajacyl.com\/zamora\/?page_id=13"},"modified":"2017-11-23T10:07:45","modified_gmt":"2017-11-23T10:07:45","slug":"aviso-legal","status":"publish","type":"page","link":"https:\/\/www.asajacyl.com\/zamora\/aviso-legal","title":{"rendered":"Aviso legal"},"content":{"rendered":"<h2 style=\"margin:0px; padding:3px 0;\"><a href=\"http:\/\/www.asajacyl.com\" title=\"www.asajacyl.com\" target=\"_blank\" style=\"color: #009035;\"><strong>www.asajacyl.com<\/strong><\/a><\/h2>\n<h3  style=\"margin:0px; padding:3px 0;\">Aviso legal y Condiciones de uso<\/h3>\n<h4  style=\"margin:0px; padding:3px 0 20px 0;\">\u00a9 Copyright. Reservados todos los derechos.<\/h4>\n<p style=\"text-align:justify\">A continuaci\u00f3n se informa a los Usuarios (toda persona que acceda a <a href=\"http:\/\/www.asajacyl.com\" title=\"www.asajacyl.com\" target=\"_blank\">www.asajacyl.com<\/a>) de las <strong>Condiciones de uso de este sitio web<\/strong>.<\/p>\n<p style=\"text-align:justify\">El acceso al mismo es totalmente libre y voluntario para los Usuarios, aceptando \u00e9stos sin reservas las presentes Condiciones de uso desde el mismo momento de su acceso. La utilizaci\u00f3n de determinados servicios ofrecidos en este sitio se regir\u00e1 adem\u00e1s por las condiciones particulares previstas en cada caso, las cuales se entender\u00e1n aceptadas por el mero uso de tales servicios. Por ello el Usuario debe leer todas las Condiciones antes de usar este sitio web o cualquiera de los servicios en \u00e9l ofrecidos, bajo su entera responsabilidad.<\/p>\n<p style=\"text-align:justify\">Determinados Sitios Web de www.asajacyl.com, ya sean del tipo www.asajacyl.com\/\u00bbnombre\u00bb u otros relacionados con www.asajacyl.com, podr\u00e1n regirse por condiciones de uso espec\u00edficas, las cuales se entender\u00e1n aceptadas por el Usuario desde el momento en que acceda a esos Sitios Web. Por ello el usuario deber\u00e1 leer las Condiciones de uso de esos Sitios Web.<\/p>\n<p style=\"text-align:justify\">Los contenidos y archivos publicados en www.asajacyl.com pertenecen a ASAJA Castilla y Le\u00f3n o a sus autores, y corresponder\u00e1 a ASAJA Castilla y Le\u00f3n la exclusiva responsabilidad de los mismos as\u00ed como su utilizaci\u00f3n. Tanto los contenidos como archivos publicados en www.asajacyl.com podr\u00e1n venir protegidos por los derechos de autor y la legislaci\u00f3n de propiedad intelectual e industrial. Xolido Systems, S.A. no se responsabiliza de los contenidos que figuran en www.asajacyl.com, los cuales son a\u00f1adidos, editados y suprimidos por ASAJA Castilla y Le\u00f3n o por los Usuarios. Adem\u00e1s determinados contenidos y\/o archivos publicados en www.asajacyl.com podr\u00e1n venir determinados por personas f\u00edsicas y\/o jur\u00eddicas o entidades ajenas a ASAJA Castilla y Le\u00f3n, por lo que ni Xolido Systems, S.A. ni ASAJA Castilla y Le\u00f3n se responsabilizar\u00e1n de ninguna circunstancia que pueda derivarse de los mismos.<\/p>\n<p style=\"text-align:justify\">Tanto el acceso a www.asajacyl.com como el uso que pueda hacerse de la informaci\u00f3n contenida en el mismo es de la exclusiva responsabilidad del Usuario que lo realiza. Se autoriza la visualizaci\u00f3n, impresi\u00f3n y descarga parcial del contenido de esta web s\u00f3lo y exclusivamente si concurren las siguientes condiciones:<\/p>\n<ul style=\"text-align:justify\">\n<li>Que sea compatible con los fines de la web www.asajacyl.com.<\/li>\n<li>Que se realice con el exclusivo \u00e1nimo de obtener la informaci\u00f3n contenida para uso personal y privado. Se proh\u00edbe expresamente su utilizaci\u00f3n con fines comerciales o para su distribuci\u00f3n, comunicaci\u00f3n p\u00fablica, transformaci\u00f3n o descompilaci\u00f3n, a menos que ASAJA Castilla y Le\u00f3n preste su consentimiento expreso.<\/li>\n<li>Que ninguno de los contenidos relacionados en esta web sea modificado de manera alguna.<\/li>\n<li>Que ning\u00fan gr\u00e1fico, icono o imagen disponible en esta web sea utilizado, copiado o distribuido separadamente del texto o resto de im\u00e1genes que lo acompa\u00f1an.<\/li>\n<\/ul>\n<p style=\"text-align:justify\">Queda reservada la facultad de efectuar, en cualquier momento y sin necesidad de previo aviso, modificaciones y actualizaciones de la informaci\u00f3n contenida en esta web, de la configuraci\u00f3n y presentaci\u00f3n de \u00e9sta y de las condiciones de acceso sin que ello conlleve responsabilidad alguna ni a ASAJA Castilla y Le\u00f3n ni a Xolido Systems S.A. No se garantiza la inexistencia de interrupciones o errores en el acceso a esta p\u00e1gina web, en su contenido, ni que \u00e9ste se encuentre actualizado.<br \/>\n  De encontrar cualquier error o tener cualquier problema con este sitio le rogamos remita un correo electr\u00f3nico a: <a href=\"mailto:soporte@xolido.com\" title=\"soporte@xolido.com\" target=\"_blank\"><strong>soporte@xolido.com <\/strong><\/a><\/p>\n<p style=\"text-align:justify\">Ni ASAJA Castilla y Le\u00f3n ni Xolido Systems, S.A. responder\u00e1n de ninguna consecuencia, da\u00f1o o perjuicio que pudieran derivarse de dicho acceso o uso de la informaci\u00f3n. Ni ASAJA Castilla y Le\u00f3n ni Xolido Systems, S.A. se hacen responsables de los posibles errores de seguridad que se puedan producir ni de los posibles da\u00f1os que puedan causarse al sistema inform\u00e1tico del Usuario (hardware y software), los ficheros o documentos almacenados en el mismo, como consecuencia de la presencia de virus en el ordenador del Usuario utilizado para la conexi\u00f3n a los servicios y contenidos de la web, de un mal funcionamiento del navegador o del uso de versiones no actualizadas del mismo. Ni Xolido Systems, S.A. ni ASAJA Castilla y Le\u00f3n garantizan la ausencia de virus u otros elementos en los mismos que puedan producir alteraciones en el sistema inform\u00e1tico (hardware y software), los documentos o los ficheros del Usuario, excluyendo cualquier responsabilidad por los da\u00f1os de cualquier clase causados al Usuario por este motivo. Xolido Systems, S.A. no asume responsabilidad alguna derivada de la concesi\u00f3n o contenidos de los enlaces de terceros a los que se hace referencia en esta web. La utilizaci\u00f3n no autorizada de la informaci\u00f3n contenida en esta web, su reventa, as\u00ed como la lesi\u00f3n de los derechos de Propiedad Intelectual o Industrial, dar\u00e1 lugar a las responsabilidades legalmente establecidas. Todo enlace de terceros a esta web debe serlo a su p\u00e1gina principal o de entrada. Asimismo queda prohibido suprimir, eludir o manipular el \u00abcopyright\u00bb y dem\u00e1s datos identificativos de los derechos de ASAJA Castilla y Le\u00f3n o de Xolido Systems, S.A., o de los Contenidos, o del Know-How de este sitio web, as\u00ed como los dispositivos t\u00e9cnicos de protecci\u00f3n, o cualesquiera mecanismos de informaci\u00f3n que pudiere contener. Ser\u00e1 exclusiva responsabilidad del Usuario los contenidos que publique en este sitio web. El dise\u00f1o, estructura de navegaci\u00f3n y c\u00f3digo fuente (con exclusi\u00f3n de los Contenidos) de www.asajacyl.com son propiedad de XolidoSystems, S.A. quedando totalmente prohibida su reproducci\u00f3n, distribuci\u00f3n, comunicaci\u00f3n p\u00fablica o transformaci\u00f3n.<\/p>\n<p style=\"text-align:justify\">En caso de existir cualquier disputa o controversia que pudiera derivarse de esta web entre el Usuario y ASAJA Castilla y Le\u00f3n ambos acuerdan que entablar\u00e1n conversaciones de buena fe para tratar de resolverlas. Si, no obstante dichos esfuerzos, no se alcanzara una soluci\u00f3n satisfactoria, ambos acuerdan que las someter\u00e1n, con renuncia expresa a cualquier fuero o derecho que pudiera corresponderles o les fuera dado invocar, con la excepci\u00f3n de que ASAJA Castilla y Le\u00f3n tendr\u00e1 derecho, seg\u00fan su exclusivo arbitrio, a instar procedimiento en los tribunales de cualquier otro pa\u00eds en que el Usuario resida o en el que est\u00e9n situados cualesquiera de los activos del Usuario y\/o empresas de su grupo, a los juzgados y tribunales que correspondan a la localidad donde ASAJA Castilla y Le\u00f3n tenga establecido su domicilio social. En el caso de que el Usuario tenga su domicilio<br \/>\n  fuera de Espa\u00f1a, ASAJA Castilla y Le\u00f3n y el Usuario se someter\u00e1n, con renuncia expresa a cualquier otro fuero, a los juzgados y tribunales que correspondan con la localidad donde ASAJA Castilla y Le\u00f3n tenga establecido su domicilio social. En caso de existir alguna disputa entre el Usuario y Xolido Systems, S.A. ambos acuerdan que la someter\u00e1n, con renuncia expresa a cualquier fuero o derecho que pudiera corresponderles o les fuera dado invocar, con la excepci\u00f3n de que Xolido Systems, S.A. tendr\u00e1 derecho, seg\u00fan su exclusivo arbitrio, a instar procedimiento en los tribunales de cualquier otro pa\u00eds en que el Usuario resida o en el que est\u00e9n situados cualesquiera de los activos del Usuario y\/o empresas de su grupo, a los juzgados y tribunales de Valladolid (Espa\u00f1a) para cualquier controversia que pudiera derivarse del acceso a esta web. En el caso de que el Usuario tenga su domicilio fuera de Espa\u00f1a, Xolido Systems, S.A. y el Usuario se someter\u00e1n, con renuncia expresa a cualquier otro fuero, a los juzgados y tribunales de Valladolid (Espa\u00f1a).<\/p>\n<p style=\"text-align:justify\"><a title=\"Copyright\" href=\"https:\/\/www.xolido.com\/lang\/copyright.shtml?idboletin=32&amp;idseccion=76\" target=\"_blank\" rel=\"noopener\" style=\"XOLIDO SYSTEMS \u00a9 Copyright\"> XOLIDO SYSTEMS \u00a9 Copyright<\/a><\/p>\n<table border=\"0\" width=\"100%\" cellspacing=\"0\" cellpadding=\"0\" align=\"center\">\n<tr>\n<th colspan=\"3\" bgcolor=\"#009035\" style=\"background:#009035;color: #fff; padding: 0.7em; font-weight:bold; text-align:center\">INFORMACI\u00d3N GENERAL<\/th>\n<\/tr>\n<tr >\n<td align=\"left\" valign=\"top\" style=\"width:50%;  padding: 1.2em;\">\n<h4><strong>ASAJA Castilla y Le\u00f3n<\/strong><\/h4>\n<p>NIF: G-47235577<br \/>\n        C\/ H\u00edpica, 1 &#8211; Entreplanta<br \/>\n        47007 Valladolid &#8211; Espa\u00f1a<br \/>\n        <a class=\"normal2\" title=\"http:\/\/www.asajacyl.com\" href=\"http:\/\/http:\/\/www.asajacyl.com\/\" target=\"_blank\" rel=\"noopener\"><strong>www.asajacyl.com<\/strong><\/a><br \/>\n        Tel.: +34 983 472 350<br \/>\n        Fax: +34 983 476 629<br \/>\n        <a class=\"normal2\" title=\"info@asajacyl.com\" href=\"mailto:info@asajacyl.com\"><strong>info@asajacyl.com<\/strong><\/a><\/p>\n<\/td>\n<td align=\"left\" valign=\"top\" style=\"width:50%;  padding: 1.2em;\">\n<h4><strong>Xolido Systems, S.A.<\/strong><\/h4>\n<p>NIF: A47473616<br \/>\n        <strong>Oficinas centrales<\/strong><br \/>\n        C\/ P\u00edo del R\u00edo Hortega, 8, 2\u00aa Planta, Oficina 7<br \/>\n        47014 Valladolid &#8211; Espa\u00f1a<br \/>\n        <a href=\"https:\/\/www.xolido.com\/\" title=\"https:\/\/www.xolido.com\/\" target=\"_blank\">www.xolido.com<\/a><br \/>\n        Tel.: +34 983 298 272<br \/>\n        Fax: +34 983 298 205<br \/>\n        <a href=\"mailto:info@xolido.com\" title=\"info@xolido.com\" target=\"_blank\">info@xolido.com<\/a><br \/>\n    Inscrita en el Registro Mercantil de Valladolid &#8211; Espa\u00f1a, Tomo 949, Folio17, Seccion 8, Hoja VA-12523, Inscripci\u00f3n 1\u00aa<\/p>\n<\/td>\n<\/tr>\n<\/table>\n<\/div>\n<\/div>\n","protected":false},"excerpt":{"rendered":"<p>www.asajacyl.com Aviso legal y Condiciones de uso \u00a9 Copyright. Reservados todos los derechos. A continuaci\u00f3n se informa a los Usuarios (toda persona que acceda a www.asajacyl.com) de las Condiciones de uso de este sitio web. El acceso al mismo es totalmente libre y voluntario para los Usuarios, aceptando \u00e9stos sin reservas las presentes Condiciones de [&hellip;]<\/p>\n","protected":false},"author":2,"featured_media":297,"parent":0,"menu_order":0,"comment_status":"closed","ping_status":"closed","template":"","meta":{"footnotes":""},"yoast_head":"<!-- This site is optimized with the Yoast SEO plugin v24.5 - https:\/\/yoast.com\/wordpress\/plugins\/seo\/ -->\n<title>Aviso legal - ASAJA Zamora<\/title>\n<meta name=\"robots\" content=\"index, follow, max-snippet:-1, max-image-preview:large, max-video-preview:-1\" \/>\n<link rel=\"canonical\" href=\"https:\/\/www.asajacyl.com\/zamora\/aviso-legal\" \/>\n<meta property=\"og:locale\" content=\"es_ES\" \/>\n<meta property=\"og:type\" content=\"article\" \/>\n<meta property=\"og:title\" content=\"Aviso legal - ASAJA Zamora\" \/>\n<meta property=\"og:description\" content=\"www.asajacyl.com Aviso legal y Condiciones de uso \u00a9 Copyright. Reservados todos los derechos. A continuaci\u00f3n se informa a los Usuarios (toda persona que acceda a www.asajacyl.com) de las Condiciones de uso de este sitio web. El acceso al mismo es totalmente libre y voluntario para los Usuarios, aceptando \u00e9stos sin reservas las presentes Condiciones de [&hellip;]\" \/>\n<meta property=\"og:url\" content=\"https:\/\/www.asajacyl.com\/zamora\/aviso-legal\" \/>\n<meta property=\"og:site_name\" content=\"ASAJA Zamora\" \/>\n<meta property=\"article:modified_time\" content=\"2017-11-23T10:07:45+00:00\" \/>\n<meta property=\"og:image\" content=\"https:\/\/www.asajacyl.com\/zamora\/wp-content\/uploads\/sites\/10\/2017\/11\/im_predefinida_1920x1080.jpg\" \/>\n\t<meta property=\"og:image:width\" content=\"1920\" \/>\n\t<meta property=\"og:image:height\" content=\"1080\" \/>\n\t<meta property=\"og:image:type\" content=\"image\/jpeg\" \/>\n<meta name=\"twitter:card\" content=\"summary_large_image\" \/>\n<meta name=\"twitter:label1\" content=\"Tiempo de lectura\" \/>\n\t<meta name=\"twitter:data1\" content=\"7 minutos\" \/>\n<script type=\"application\/ld+json\" class=\"yoast-schema-graph\">{\"@context\":\"https:\/\/schema.org\",\"@graph\":[{\"@type\":\"WebPage\",\"@id\":\"https:\/\/www.asajacyl.com\/zamora\/aviso-legal\",\"url\":\"https:\/\/www.asajacyl.com\/zamora\/aviso-legal\",\"name\":\"Aviso legal - ASAJA Zamora\",\"isPartOf\":{\"@id\":\"https:\/\/www.asajacyl.com\/zamora\/#website\"},\"primaryImageOfPage\":{\"@id\":\"https:\/\/www.asajacyl.com\/zamora\/aviso-legal#primaryimage\"},\"image\":{\"@id\":\"https:\/\/www.asajacyl.com\/zamora\/aviso-legal#primaryimage\"},\"thumbnailUrl\":\"https:\/\/www.asajacyl.com\/zamora\/wp-content\/uploads\/sites\/10\/2017\/11\/im_predefinida_1920x1080.jpg\",\"datePublished\":\"2017-11-14T09:09:13+00:00\",\"dateModified\":\"2017-11-23T10:07:45+00:00\",\"breadcrumb\":{\"@id\":\"https:\/\/www.asajacyl.com\/zamora\/aviso-legal#breadcrumb\"},\"inLanguage\":\"es\",\"potentialAction\":[{\"@type\":\"ReadAction\",\"target\":[\"https:\/\/www.asajacyl.com\/zamora\/aviso-legal\"]}]},{\"@type\":\"ImageObject\",\"inLanguage\":\"es\",\"@id\":\"https:\/\/www.asajacyl.com\/zamora\/aviso-legal#primaryimage\",\"url\":\"https:\/\/www.asajacyl.com\/zamora\/wp-content\/uploads\/sites\/10\/2017\/11\/im_predefinida_1920x1080.jpg\",\"contentUrl\":\"https:\/\/www.asajacyl.com\/zamora\/wp-content\/uploads\/sites\/10\/2017\/11\/im_predefinida_1920x1080.jpg\",\"width\":1920,\"height\":1080,\"caption\":\"Logotipo ASAJA Zamora\"},{\"@type\":\"BreadcrumbList\",\"@id\":\"https:\/\/www.asajacyl.com\/zamora\/aviso-legal#breadcrumb\",\"itemListElement\":[{\"@type\":\"ListItem\",\"position\":1,\"name\":\"Portada\",\"item\":\"https:\/\/www.asajacyl.com\/zamora\/\"},{\"@type\":\"ListItem\",\"position\":2,\"name\":\"Aviso legal\"}]},{\"@type\":\"WebSite\",\"@id\":\"https:\/\/www.asajacyl.com\/zamora\/#website\",\"url\":\"https:\/\/www.asajacyl.com\/zamora\/\",\"name\":\"ASAJA Zamora\",\"description\":\"Otro sitio m\u00e1s de Provincias ASAJA Castilla y Le\u00f3n\",\"potentialAction\":[{\"@type\":\"SearchAction\",\"target\":{\"@type\":\"EntryPoint\",\"urlTemplate\":\"https:\/\/www.asajacyl.com\/zamora\/?s={search_term_string}\"},\"query-input\":{\"@type\":\"PropertyValueSpecification\",\"valueRequired\":true,\"valueName\":\"search_term_string\"}}],\"inLanguage\":\"es\"}]}<\/script>\n<!-- \/ Yoast SEO plugin. -->","yoast_head_json":{"title":"Aviso legal - ASAJA Zamora","robots":{"index":"index","follow":"follow","max-snippet":"max-snippet:-1","max-image-preview":"max-image-preview:large","max-video-preview":"max-video-preview:-1"},"canonical":"https:\/\/www.asajacyl.com\/zamora\/aviso-legal","og_locale":"es_ES","og_type":"article","og_title":"Aviso legal - ASAJA Zamora","og_description":"www.asajacyl.com Aviso legal y Condiciones de uso \u00a9 Copyright. Reservados todos los derechos. A continuaci\u00f3n se informa a los Usuarios (toda persona que acceda a www.asajacyl.com) de las Condiciones de uso de este sitio web. El acceso al mismo es totalmente libre y voluntario para los Usuarios, aceptando \u00e9stos sin reservas las presentes Condiciones de [&hellip;]","og_url":"https:\/\/www.asajacyl.com\/zamora\/aviso-legal","og_site_name":"ASAJA Zamora","article_modified_time":"2017-11-23T10:07:45+00:00","og_image":[{"width":1920,"height":1080,"url":"https:\/\/www.asajacyl.com\/zamora\/wp-content\/uploads\/sites\/10\/2017\/11\/im_predefinida_1920x1080.jpg","type":"image\/jpeg"}],"twitter_card":"summary_large_image","twitter_misc":{"Tiempo de lectura":"7 minutos"},"schema":{"@context":"https:\/\/schema.org","@graph":[{"@type":"WebPage","@id":"https:\/\/www.asajacyl.com\/zamora\/aviso-legal","url":"https:\/\/www.asajacyl.com\/zamora\/aviso-legal","name":"Aviso legal - ASAJA Zamora","isPartOf":{"@id":"https:\/\/www.asajacyl.com\/zamora\/#website"},"primaryImageOfPage":{"@id":"https:\/\/www.asajacyl.com\/zamora\/aviso-legal#primaryimage"},"image":{"@id":"https:\/\/www.asajacyl.com\/zamora\/aviso-legal#primaryimage"},"thumbnailUrl":"https:\/\/www.asajacyl.com\/zamora\/wp-content\/uploads\/sites\/10\/2017\/11\/im_predefinida_1920x1080.jpg","datePublished":"2017-11-14T09:09:13+00:00","dateModified":"2017-11-23T10:07:45+00:00","breadcrumb":{"@id":"https:\/\/www.asajacyl.com\/zamora\/aviso-legal#breadcrumb"},"inLanguage":"es","potentialAction":[{"@type":"ReadAction","target":["https:\/\/www.asajacyl.com\/zamora\/aviso-legal"]}]},{"@type":"ImageObject","inLanguage":"es","@id":"https:\/\/www.asajacyl.com\/zamora\/aviso-legal#primaryimage","url":"https:\/\/www.asajacyl.com\/zamora\/wp-content\/uploads\/sites\/10\/2017\/11\/im_predefinida_1920x1080.jpg","contentUrl":"https:\/\/www.asajacyl.com\/zamora\/wp-content\/uploads\/sites\/10\/2017\/11\/im_predefinida_1920x1080.jpg","width":1920,"height":1080,"caption":"Logotipo ASAJA Zamora"},{"@type":"BreadcrumbList","@id":"https:\/\/www.asajacyl.com\/zamora\/aviso-legal#breadcrumb","itemListElement":[{"@type":"ListItem","position":1,"name":"Portada","item":"https:\/\/www.asajacyl.com\/zamora\/"},{"@type":"ListItem","position":2,"name":"Aviso legal"}]},{"@type":"WebSite","@id":"https:\/\/www.asajacyl.com\/zamora\/#website","url":"https:\/\/www.asajacyl.com\/zamora\/","name":"ASAJA Zamora","description":"Otro sitio m\u00e1s de Provincias ASAJA Castilla y Le\u00f3n","potentialAction":[{"@type":"SearchAction","target":{"@type":"EntryPoint","urlTemplate":"https:\/\/www.asajacyl.com\/zamora\/?s={search_term_string}"},"query-input":{"@type":"PropertyValueSpecification","valueRequired":true,"valueName":"search_term_string"}}],"inLanguage":"es"}]}},"_links":{"self":[{"href":"https:\/\/www.asajacyl.com\/zamora\/wp-json\/wp\/v2\/pages\/13"}],"collection":[{"href":"https:\/\/www.asajacyl.com\/zamora\/wp-json\/wp\/v2\/pages"}],"about":[{"href":"https:\/\/www.asajacyl.com\/zamora\/wp-json\/wp\/v2\/types\/page"}],"author":[{"embeddable":true,"href":"https:\/\/www.asajacyl.com\/zamora\/wp-json\/wp\/v2\/users\/2"}],"replies":[{"embeddable":true,"href":"https:\/\/www.asajacyl.com\/zamora\/wp-json\/wp\/v2\/comments?post=13"}],"version-history":[{"count":2,"href":"https:\/\/www.asajacyl.com\/zamora\/wp-json\/wp\/v2\/pages\/13\/revisions"}],"predecessor-version":[{"id":302,"href":"https:\/\/www.asajacyl.com\/zamora\/wp-json\/wp\/v2\/pages\/13\/revisions\/302"}],"wp:featuredmedia":[{"embeddable":true,"href":"https:\/\/www.asajacyl.com\/zamora\/wp-json\/wp\/v2\/media\/297"}],"wp:attachment":[{"href":"https:\/\/www.asajacyl.com\/zamora\/wp-json\/wp\/v2\/media?parent=13"}],"curies":[{"name":"wp","href":"https:\/\/api.w.org\/{rel}","templated":true}]}}