{"id":14,"date":"2017-10-31T15:11:12","date_gmt":"2017-10-31T15:11:12","guid":{"rendered":"https:\/\/www.asajacyl.com\/zamora\/?page_id=14"},"modified":"2025-11-20T13:07:23","modified_gmt":"2025-11-20T12:07:23","slug":"contactar","status":"publish","type":"page","link":"https:\/\/www.asajacyl.com\/zamora\/contactar","title":{"rendered":"Contacta con nosotros"},"content":{"rendered":"\n<div class=\"wpcf7 no-js\" id=\"wpcf7-f1232-o1\" lang=\"es-ES\" dir=\"ltr\">\n<div class=\"screen-reader-response\"><p role=\"status\" aria-live=\"polite\" aria-atomic=\"true\"><\/p> <ul><\/ul><\/div>\n<form action=\"\/zamora\/wp-json\/wp\/v2\/pages\/14#wpcf7-f1232-o1\" method=\"post\" class=\"wpcf7-form init\" aria-label=\"Formulario de contacto\" novalidate=\"novalidate\" data-status=\"init\">\n<div style=\"display: none;\">\n<input type=\"hidden\" name=\"_wpcf7\" value=\"1232\" \/>\n<input type=\"hidden\" name=\"_wpcf7_version\" value=\"5.9.8\" \/>\n<input type=\"hidden\" name=\"_wpcf7_locale\" value=\"es_ES\" \/>\n<input type=\"hidden\" name=\"_wpcf7_unit_tag\" value=\"wpcf7-f1232-o1\" \/>\n<input type=\"hidden\" name=\"_wpcf7_container_post\" value=\"0\" \/>\n<input type=\"hidden\" name=\"_wpcf7_posted_data_hash\" value=\"\" \/>\n<input type=\"hidden\" name=\"_wpcf7_recaptcha_response\" value=\"\" \/>\n<\/div>\n<p>Rellene el siguiente formulario y nos pondremos en contacto con usted a la mayor brevedad posible:\n<\/p>\n<p><label> Nombre: (requerido)<br \/>\n<span class=\"wpcf7-form-control-wrap\" data-name=\"your-name\"><input size=\"40\" maxlength=\"400\" class=\"wpcf7-form-control wpcf7-text wpcf7-validates-as-required\" aria-required=\"true\" aria-invalid=\"false\" value=\"\" type=\"text\" name=\"your-name\" \/><\/span> <\/label>\n<\/p>\n<p><label> Apellido: (requerido)<br \/>\n<span class=\"wpcf7-form-control-wrap\" data-name=\"your-apellido\"><input size=\"40\" maxlength=\"400\" class=\"wpcf7-form-control wpcf7-text wpcf7-validates-as-required\" aria-required=\"true\" aria-invalid=\"false\" value=\"\" type=\"text\" name=\"your-apellido\" \/><\/span> <\/label>\n<\/p>\n<p><label> Tel\u00e9fono (requerido)<br \/>\n<span class=\"wpcf7-form-control-wrap\" data-name=\"tel-183\"><input size=\"40\" maxlength=\"400\" class=\"wpcf7-form-control wpcf7-tel wpcf7-validates-as-required wpcf7-text wpcf7-validates-as-tel\" aria-required=\"true\" aria-invalid=\"false\" value=\"\" type=\"tel\" name=\"tel-183\" \/><\/span> <\/label>\n<\/p>\n<p><label> Direcci\u00f3n:<br \/>\n<span class=\"wpcf7-form-control-wrap\" data-name=\"your-direccion\"><input size=\"40\" maxlength=\"400\" class=\"wpcf7-form-control wpcf7-text\" aria-invalid=\"false\" value=\"\" type=\"text\" name=\"your-direccion\" \/><\/span> <\/label>\n<\/p>\n<p><label> C\u00f3digo postal:<br \/>\n<span class=\"wpcf7-form-control-wrap\" data-name=\"your-cp\"><input size=\"40\" maxlength=\"400\" class=\"wpcf7-form-control wpcf7-text\" aria-invalid=\"false\" value=\"\" type=\"text\" name=\"your-cp\" \/><\/span> <\/label>\n<\/p>\n<p><label> Localidad:<br \/>\n<span class=\"wpcf7-form-control-wrap\" data-name=\"your-localidad\"><input size=\"40\" maxlength=\"400\" class=\"wpcf7-form-control wpcf7-text\" aria-invalid=\"false\" value=\"\" type=\"text\" name=\"your-localidad\" \/><\/span> <\/label>\n<\/p>\n<p><label> Provincia:<br \/>\n<span class=\"wpcf7-form-control-wrap\" data-name=\"your-provincia\"><input size=\"40\" maxlength=\"400\" class=\"wpcf7-form-control wpcf7-text\" aria-invalid=\"false\" value=\"\" type=\"text\" name=\"your-provincia\" \/><\/span> <\/label>\n<\/p>\n<p><label> Pa\u00eds:<br \/>\n<span class=\"wpcf7-form-control-wrap\" data-name=\"your-pais\"><input size=\"40\" maxlength=\"400\" class=\"wpcf7-form-control wpcf7-text\" aria-invalid=\"false\" value=\"\" type=\"text\" name=\"your-pais\" \/><\/span> <\/label>\n<\/p>\n<p><label> Tu correo electr\u00f3nico (requerido)<br \/>\n<span class=\"wpcf7-form-control-wrap\" data-name=\"your-email\"><input size=\"40\" maxlength=\"400\" class=\"wpcf7-form-control wpcf7-email wpcf7-validates-as-required wpcf7-text wpcf7-validates-as-email\" aria-required=\"true\" aria-invalid=\"false\" value=\"\" type=\"email\" name=\"your-email\" \/><\/span> <\/label>\n<\/p>\n<p><label> Introduzca su pregunta, duda, queja, sugerencia o solicitud<br \/>\n<span class=\"wpcf7-form-control-wrap\" data-name=\"your-message\"><textarea cols=\"40\" rows=\"10\" maxlength=\"2000\" class=\"wpcf7-form-control wpcf7-textarea\" aria-invalid=\"false\" name=\"your-message\"><\/textarea><\/span> <\/label>\n<\/p>\n<p><span class=\"wpcf7-form-control-wrap\" data-name=\"acceptance-204\"><span class=\"wpcf7-form-control wpcf7-acceptance\"><span class=\"wpcf7-list-item\"><input type=\"checkbox\" name=\"acceptance-204\" value=\"1\" aria-invalid=\"false\" \/><\/span><\/span><\/span><a name=\"privacidad\" id=\"privacidad_link\" href=\"#privacidad\" title=\"He le\u00eddo y acepto la pol\u00edtica de privacidad\">He le\u00eddo y acepto la pol\u00edtica de privacidad<\/a>.\n<\/p>\n<p id=\"privacidad_info_wrapper\" style=\"display:none;\"><br \/>\n<strong>Informaci\u00f3n B\u00e1sica de Protecci\u00f3n de Datos en virtud a Ley Org\u00e1nica 3\/2018<\/strong>, de 5 de diciembre, de Protecci\u00f3n de Datos Personales y garant\u00eda de los derechos digitales. <strong>Responsable<\/strong>: Asaja Zamora; <strong>Finalidad<\/strong>: prestarle los servicios que nos ha solicitado, atender sus solicitudes de informaci\u00f3n y enviarle comunicaciones comerciales; <strong>Legitimaci\u00f3n<\/strong>: Ejecuci\u00f3n de contrato, Inter\u00e9s leg\u00edtimo del responsable o Consentimiento del Interesado. <strong>Cesiones<\/strong>: No se ceder\u00e1n sus datos a terceros salvo obligaci\u00f3n legal. <strong>Derechos<\/strong>: Tiene derecho a acceder, rectificar y suprimir los datos, as\u00ed como otros derechos, indicados en la informaci\u00f3n adicional, que puede ejercer dirigi\u00e9ndose a <a href=\"mailto:lopd@grupocab.es\" title=\"lopd@grupocab.es\" target=\"_blank\">lopd@grupocab.es<\/a> o en Plaza Alemania, 1 , 3\u00aa planta, 49014, Zamora, Zamora, Espa\u00f1a. <strong>Informaci\u00f3n adicional<\/strong>: Puede consultar informaci\u00f3n adicional y detallada sobre Protecci\u00f3n de Datos en <a href=\"https:\/\/www.asajacyl.com\/zamora\" title=\"https:\/\/www.asajacyl.com\/zamora\" target=\"_blank\">https:\/\/www.asajacyl.com\/zamora<\/a>.\n<\/p>\n<p><script>jQuery('#privacidad_link').click(function (e) { e.preventDefault(); jQuery('#privacidad_info_wrapper').toggle()});<\/script>\n<\/p>\n\n<p><input class=\"wpcf7-form-control wpcf7-submit has-spinner\" type=\"submit\" value=\"Enviar\" \/>\n<\/p><input type='hidden' class='wpcf7-pum' value='{\"closepopup\":false,\"closedelay\":0,\"openpopup\":false,\"openpopup_id\":0}' \/><div class=\"wpcf7-response-output\" aria-hidden=\"true\"><\/div>\n<\/form>\n<\/div>\n\n","protected":false},"excerpt":{"rendered":"<p>Rellene el siguiente formulario y nos pondremos en contacto con usted a la mayor brevedad posible: Nombre: (requerido) Apellido: (requerido) Tel\u00e9fono (requerido) Direcci\u00f3n: C\u00f3digo postal: Localidad: Provincia: Pa\u00eds: Tu correo electr\u00f3nico (requerido) Introduzca su pregunta, duda, queja, sugerencia o solicitud He le\u00eddo y acepto la pol\u00edtica de privacidad. Informaci\u00f3n B\u00e1sica de Protecci\u00f3n de Datos en [...]<\/p>\n","protected":false},"author":2,"featured_media":297,"parent":0,"menu_order":0,"comment_status":"closed","ping_status":"closed","template":"","meta":{"footnotes":""},"yoast_head":"<!-- This site is optimized with the Yoast SEO plugin v24.5 - https:\/\/yoast.com\/wordpress\/plugins\/seo\/ -->\n<title>Contacta con nosotros - ASAJA Zamora<\/title>\n<meta name=\"robots\" content=\"index, follow, max-snippet:-1, max-image-preview:large, max-video-preview:-1\" \/>\n<link rel=\"canonical\" href=\"https:\/\/www.asajacyl.com\/zamora\/contactar\" \/>\n<meta property=\"og:locale\" content=\"es_ES\" \/>\n<meta property=\"og:type\" content=\"article\" \/>\n<meta property=\"og:title\" content=\"Contacta con nosotros - ASAJA Zamora\" \/>\n<meta property=\"og:url\" content=\"https:\/\/www.asajacyl.com\/zamora\/contactar\" \/>\n<meta property=\"og:site_name\" content=\"ASAJA Zamora\" \/>\n<meta property=\"article:modified_time\" content=\"2025-11-20T12:07:23+00:00\" \/>\n<meta name=\"twitter:card\" content=\"summary_large_image\" \/>\n<meta name=\"twitter:label1\" content=\"Tiempo de lectura\" \/>\n\t<meta name=\"twitter:data1\" content=\"1 minuto\" \/>\n<script type=\"application\/ld+json\" class=\"yoast-schema-graph\">{\"@context\":\"https:\/\/schema.org\",\"@graph\":[{\"@type\":\"WebPage\",\"@id\":\"https:\/\/www.asajacyl.com\/zamora\/contactar\",\"url\":\"https:\/\/www.asajacyl.com\/zamora\/contactar\",\"name\":\"Contacta con nosotros - ASAJA Zamora\",\"isPartOf\":{\"@id\":\"https:\/\/www.asajacyl.com\/zamora\/#website\"},\"primaryImageOfPage\":{\"@id\":\"https:\/\/www.asajacyl.com\/zamora\/contactar#primaryimage\"},\"image\":{\"@id\":\"https:\/\/www.asajacyl.com\/zamora\/contactar#primaryimage\"},\"thumbnailUrl\":\"https:\/\/www.asajacyl.com\/zamora\/wp-content\/uploads\/sites\/10\/2017\/11\/im_predefinida_1920x1080.jpg\",\"datePublished\":\"2017-10-31T15:11:12+00:00\",\"dateModified\":\"2025-11-20T12:07:23+00:00\",\"breadcrumb\":{\"@id\":\"https:\/\/www.asajacyl.com\/zamora\/contactar#breadcrumb\"},\"inLanguage\":\"es\",\"potentialAction\":[{\"@type\":\"ReadAction\",\"target\":[\"https:\/\/www.asajacyl.com\/zamora\/contactar\"]}]},{\"@type\":\"ImageObject\",\"inLanguage\":\"es\",\"@id\":\"https:\/\/www.asajacyl.com\/zamora\/contactar#primaryimage\",\"url\":\"https:\/\/www.asajacyl.com\/zamora\/wp-content\/uploads\/sites\/10\/2017\/11\/im_predefinida_1920x1080.jpg\",\"contentUrl\":\"https:\/\/www.asajacyl.com\/zamora\/wp-content\/uploads\/sites\/10\/2017\/11\/im_predefinida_1920x1080.jpg\",\"width\":1920,\"height\":1080,\"caption\":\"Logotipo ASAJA Zamora\"},{\"@type\":\"BreadcrumbList\",\"@id\":\"https:\/\/www.asajacyl.com\/zamora\/contactar#breadcrumb\",\"itemListElement\":[{\"@type\":\"ListItem\",\"position\":1,\"name\":\"Portada\",\"item\":\"https:\/\/www.asajacyl.com\/zamora\/\"},{\"@type\":\"ListItem\",\"position\":2,\"name\":\"Contacta con nosotros\"}]},{\"@type\":\"WebSite\",\"@id\":\"https:\/\/www.asajacyl.com\/zamora\/#website\",\"url\":\"https:\/\/www.asajacyl.com\/zamora\/\",\"name\":\"ASAJA Zamora\",\"description\":\"Otro sitio m\u00e1s de Provincias ASAJA Castilla y Le\u00f3n\",\"potentialAction\":[{\"@type\":\"SearchAction\",\"target\":{\"@type\":\"EntryPoint\",\"urlTemplate\":\"https:\/\/www.asajacyl.com\/zamora\/?s={search_term_string}\"},\"query-input\":{\"@type\":\"PropertyValueSpecification\",\"valueRequired\":true,\"valueName\":\"search_term_string\"}}],\"inLanguage\":\"es\"}]}<\/script>\n<!-- \/ Yoast SEO plugin. -->","yoast_head_json":{"title":"Contacta con nosotros - ASAJA Zamora","robots":{"index":"index","follow":"follow","max-snippet":"max-snippet:-1","max-image-preview":"max-image-preview:large","max-video-preview":"max-video-preview:-1"},"canonical":"https:\/\/www.asajacyl.com\/zamora\/contactar","og_locale":"es_ES","og_type":"article","og_title":"Contacta con nosotros - ASAJA Zamora","og_url":"https:\/\/www.asajacyl.com\/zamora\/contactar","og_site_name":"ASAJA Zamora","article_modified_time":"2025-11-20T12:07:23+00:00","twitter_card":"summary_large_image","twitter_misc":{"Tiempo de lectura":"1 minuto"},"schema":{"@context":"https:\/\/schema.org","@graph":[{"@type":"WebPage","@id":"https:\/\/www.asajacyl.com\/zamora\/contactar","url":"https:\/\/www.asajacyl.com\/zamora\/contactar","name":"Contacta con nosotros - ASAJA Zamora","isPartOf":{"@id":"https:\/\/www.asajacyl.com\/zamora\/#website"},"primaryImageOfPage":{"@id":"https:\/\/www.asajacyl.com\/zamora\/contactar#primaryimage"},"image":{"@id":"https:\/\/www.asajacyl.com\/zamora\/contactar#primaryimage"},"thumbnailUrl":"https:\/\/www.asajacyl.com\/zamora\/wp-content\/uploads\/sites\/10\/2017\/11\/im_predefinida_1920x1080.jpg","datePublished":"2017-10-31T15:11:12+00:00","dateModified":"2025-11-20T12:07:23+00:00","breadcrumb":{"@id":"https:\/\/www.asajacyl.com\/zamora\/contactar#breadcrumb"},"inLanguage":"es","potentialAction":[{"@type":"ReadAction","target":["https:\/\/www.asajacyl.com\/zamora\/contactar"]}]},{"@type":"ImageObject","inLanguage":"es","@id":"https:\/\/www.asajacyl.com\/zamora\/contactar#primaryimage","url":"https:\/\/www.asajacyl.com\/zamora\/wp-content\/uploads\/sites\/10\/2017\/11\/im_predefinida_1920x1080.jpg","contentUrl":"https:\/\/www.asajacyl.com\/zamora\/wp-content\/uploads\/sites\/10\/2017\/11\/im_predefinida_1920x1080.jpg","width":1920,"height":1080,"caption":"Logotipo ASAJA Zamora"},{"@type":"BreadcrumbList","@id":"https:\/\/www.asajacyl.com\/zamora\/contactar#breadcrumb","itemListElement":[{"@type":"ListItem","position":1,"name":"Portada","item":"https:\/\/www.asajacyl.com\/zamora\/"},{"@type":"ListItem","position":2,"name":"Contacta con nosotros"}]},{"@type":"WebSite","@id":"https:\/\/www.asajacyl.com\/zamora\/#website","url":"https:\/\/www.asajacyl.com\/zamora\/","name":"ASAJA Zamora","description":"Otro sitio m\u00e1s de Provincias ASAJA Castilla y Le\u00f3n","potentialAction":[{"@type":"SearchAction","target":{"@type":"EntryPoint","urlTemplate":"https:\/\/www.asajacyl.com\/zamora\/?s={search_term_string}"},"query-input":{"@type":"PropertyValueSpecification","valueRequired":true,"valueName":"search_term_string"}}],"inLanguage":"es"}]}},"_links":{"self":[{"href":"https:\/\/www.asajacyl.com\/zamora\/wp-json\/wp\/v2\/pages\/14"}],"collection":[{"href":"https:\/\/www.asajacyl.com\/zamora\/wp-json\/wp\/v2\/pages"}],"about":[{"href":"https:\/\/www.asajacyl.com\/zamora\/wp-json\/wp\/v2\/types\/page"}],"author":[{"embeddable":true,"href":"https:\/\/www.asajacyl.com\/zamora\/wp-json\/wp\/v2\/users\/2"}],"replies":[{"embeddable":true,"href":"https:\/\/www.asajacyl.com\/zamora\/wp-json\/wp\/v2\/comments?post=14"}],"version-history":[{"count":3,"href":"https:\/\/www.asajacyl.com\/zamora\/wp-json\/wp\/v2\/pages\/14\/revisions"}],"predecessor-version":[{"id":1233,"href":"https:\/\/www.asajacyl.com\/zamora\/wp-json\/wp\/v2\/pages\/14\/revisions\/1233"}],"wp:featuredmedia":[{"embeddable":true,"href":"https:\/\/www.asajacyl.com\/zamora\/wp-json\/wp\/v2\/media\/297"}],"wp:attachment":[{"href":"https:\/\/www.asajacyl.com\/zamora\/wp-json\/wp\/v2\/media?parent=14"}],"curies":[{"name":"wp","href":"https:\/\/api.w.org\/{rel}","templated":true}]}}