{"id":431,"date":"2018-06-29T12:00:50","date_gmt":"2018-06-29T12:00:50","guid":{"rendered":"https:\/\/www.asajacyl.com\/zamora\/?page_id=431"},"modified":"2018-06-29T12:00:50","modified_gmt":"2018-06-29T12:00:50","slug":"politica-de-cookies","status":"publish","type":"page","link":"https:\/\/www.asajacyl.com\/zamora\/politica-de-cookies","title":{"rendered":"Pol\u00edtica de cookies"},"content":{"rendered":"<h3>INFORMACI\u00d3N GENERAL<\/h3>\n<p>Este sitio web utiliza cookies con la finalidad de prestarle una mejor experiencia en su navegaci\u00f3n. Asimismo, en caso de que preste su consentimiento, utilizaremos cookies que nos permitan obtener m\u00e1s informaci\u00f3n acerca de sus preferencias y personalizar nuestro Sitio Web de conformidad con sus intereses individuales, para que tenga una navegaci\u00f3n m\u00e1s fluida y personalizada.<\/p>\n<p>Queremos informarle de manera clara y precisa sobre las cookies que utilizamos en nuestro sitio web. En caso de que quiera obtener m\u00e1s informaci\u00f3n sobre el uso y la finalidad que hacemos de las cookies implementadas en nuestro sitio web, puede escribir un correo electr\u00f3nico a <a title=\"asaja@asajazamora.com\" href=\"mailto:asaja@asajazamora.com\" target=\"_blank\" rel=\"noopener\">asaja@asajazamora.com<\/a>.<\/p>\n<h3>\u00bfQU\u00c9 ES UNA COOKIE?<\/h3>\n<p>Una cookie es un peque\u00f1o archivo que se descarga en el ordenador, tablet o smartphone del usuario, con la finalidad de almacenar datos e informaci\u00f3n que podr\u00e1n ser actualizados y recuperados por la entidad responsable de su instalaci\u00f3n.<\/p>\n<p>La informaci\u00f3n recabada a trav\u00e9s de las cookies puede incluir la fecha y hora de visitas al sitio web, las distintas pesta\u00f1as que usted ha visionado o el tiempo que ha permanecido en el mismo.<\/p>\n<p><strong>\u00bfQu\u00e9 tipos de cookies utiliza este sitio web?<\/strong><\/p>\n<h6>Cookies propias<\/h6>\n<ul>\n<li>Esta tipolog\u00eda de cookies son enviadas a su ordenador y gestionadas exclusivamente por nosotros para el mejor funcionamiento del sitio web. La informaci\u00f3n que recabamos se emplea para mejorar la calidad de nuestro servicio y su experiencia como usuario.<\/li>\n<\/ul>\n<table>\n<thead>\n<tr>\n<th>Nombre<\/th>\n<th>Descripci\u00f3n<\/th>\n<\/tr>\n<\/thead>\n<tbody>\n<tr>\n<td>ginger-cookie<\/td>\n<td>Acceptaci\u00f3n de nuestra pol\u00edtica de cookies.<\/td>\n<\/tr>\n<tr>\n<td>wordpress_test_cookie<\/td>\n<td>Esta cookie se usa para que el gestor de contenidos WordPress compruebe si el navegador tiene las cookies activadas.<\/td>\n<\/tr>\n<\/tbody>\n<\/table>\n<h6>Cookies de terceros<\/h6>\n<ul>\n<li>Son aquellas que se env\u00edan a su equipo desde un equipo o dominio que no es gestionado por nosotros, sino por otra entidad colaboradora. Las cookies anal\u00edticas utilizadas por Google, o las utilizadas por las redes sociales para ofrecer al usuario la posibilidad de compartir o recomendar contenidos de nuestra p\u00e1gina web en las mismas.<br \/>\nA continuaci\u00f3n, se detallan todas las cookies utilizadas por este sitio web, as\u00ed como sus caracter\u00edsticas y finalidades:<\/li>\n<\/ul>\n<table>\n<thead>\n<tr>\n<th>Nombre<\/th>\n<th>Descripci\u00f3n<\/th>\n<\/tr>\n<\/thead>\n<tbody>\n<tr>\n<td>_gat<\/td>\n<td>Cookie de seguimiento de estad\u00edsticas de Google para este sitio web.<\/td>\n<\/tr>\n<tr>\n<td>_ga<\/td>\n<td>Cookie de seguimiento de estad\u00edsticas de Google para este sitio web.<\/td>\n<\/tr>\n<tr>\n<td>_gid<\/td>\n<td>Cookie de seguimiento de estad\u00edsticas de Google para este sitio web.<\/td>\n<\/tr>\n<tr>\n<td>PREF<\/td>\n<td>Cookie que almacena las preferencias de configuraci\u00f3n, tales como idioma preferido, n\u00famero de resultados de b\u00fasqueda mostrados por p\u00e1gina o activaci\u00f3n del filtro SafeSearch de Google. Tiene una permanencia de 10 a\u00f1os.<\/td>\n<\/tr>\n<tr>\n<td>VISITOR_INFO1_LIVE<\/td>\n<td>Cookie que realiza el seguimiento de los videos visitados que se encuentran incrustados en la web. Tiene una permanencia de 240 d\u00edas aproximadamente..<\/td>\n<\/tr>\n<tr>\n<td>YSC<\/td>\n<td>Cookie que mide las reproducciones de videos realizadas por el usuario y registra los eventos de \u201cMe gusta\u201d o \u201cCompartir video\u201d. Es una cookie de sesi\u00f3n, caducando cuando finaliza la sesi\u00f3n con el navegador.<\/td>\n<\/tr>\n<tr>\n<td>GPS<\/td>\n<td>Registra una identificaci\u00f3n \u00fanica en dispositivos m\u00f3viles para permitir el seguimiento seg\u00fan la ubicaci\u00f3n geogr\u00e1fica por GPS.<\/td>\n<\/tr>\n<\/tbody>\n<\/table>\n<h3>\u00bfC\u00d3MO PUEDO CONFIGURAR O DESHABILITAR LAS COOKIES QUE UTILIZA ESTE SITIO WEB?<\/h3>\n<p>Para restringir o bloquear las cookies, usted deber\u00e1 modificar la configuraci\u00f3n del navegador que utilice en su equipo. Con car\u00e1cter general los navegadores ofrecen las siguientes opciones de configuraci\u00f3n en relaci\u00f3n a la instalaci\u00f3n de cookies:<\/p>\n<ul>\n<li><strong>Internet Explorer:<\/strong> <a title=\"windows.microsoft.com\" href=\"http:\/\/windows.microsoft.com\/is-IS\/windows7\/How-to-manage-cookies-in-Internet-Explorer-9\" target=\"_blank\" rel=\"noopener\">http:\/\/windows.microsoft.com\/is-IS\/windows7\/How-to-manage-cookies-in-Internet-Explorer-9<\/a><\/li>\n<li><strong>Firefox:<\/strong> <a title=\"support.mozilla.org\" href=\"http:\/\/support.mozilla.org\/en-US\/kb\/Cookies\" target=\"_blank\" rel=\"noopener\">http:\/\/support.mozilla.org\/en-US\/kb\/Cookies<\/a><\/li>\n<li><strong>Chrome:<\/strong> <a title=\"support.google.com\" href=\"http:\/\/support.google.com\/chrome\/bin\/answer.py?hl=en&amp;answer=95647\" target=\"_blank\" rel=\"noopener\">http:\/\/support.google.com\/chrome\/bin\/answer.py?hl=en&amp;answer=95647<\/a><\/li>\n<li><strong>Safari<\/strong>: <a title=\"support.apple.com\" href=\"http:\/\/support.apple.com\/kb\/PH5042\" target=\"_blank\" rel=\"noopener\">http:\/\/support.apple.com\/kb\/PH5042<\/a> (y para iOS &#8211; <a title=\"support.apple.com\" href=\"http:\/\/support.apple.com\/kb\/HT1677\" target=\"_blank\" rel=\"noopener\">http:\/\/support.apple.com\/kb\/HT1677<\/a>)<\/li>\n<\/ul>\n<p>Si se impide la instalaci\u00f3n de todas las cookies de la p\u00e1gina web, algunas funcionalidades de la misma, as\u00ed como algunos contenidos pueden verse afectados.<\/p>\n<h3>CAMBIOS EN LA POL\u00cdTICA DE COOKIES<\/h3>\n<p>Es posible que actualicemos la Pol\u00edtica de Cookies de nuestro sitio web, por ello le recomendamos revisar esta pol\u00edtica cada vez que acceda a nuestro Sitio Web con el objetivo de estar adecuadamente informado sobre c\u00f3mo y para qu\u00e9 usamos las cookies.<\/p>\n","protected":false},"excerpt":{"rendered":"<p>INFORMACI\u00d3N GENERAL Este sitio web utiliza cookies con la finalidad de prestarle una mejor experiencia en su navegaci\u00f3n. Asimismo, en caso de que preste su consentimiento, utilizaremos cookies que nos permitan obtener m\u00e1s informaci\u00f3n acerca de sus preferencias y personalizar nuestro Sitio Web de conformidad con sus intereses individuales, para que tenga una navegaci\u00f3n m\u00e1s [&hellip;]<\/p>\n","protected":false},"author":2,"featured_media":297,"parent":0,"menu_order":0,"comment_status":"closed","ping_status":"closed","template":"","meta":{"footnotes":""},"yoast_head":"<!-- This site is optimized with the Yoast SEO plugin v24.5 - https:\/\/yoast.com\/wordpress\/plugins\/seo\/ -->\n<title>Pol\u00edtica de cookies - ASAJA Zamora<\/title>\n<meta name=\"robots\" content=\"index, follow, max-snippet:-1, max-image-preview:large, max-video-preview:-1\" \/>\n<link rel=\"canonical\" href=\"https:\/\/www.asajacyl.com\/zamora\/politica-de-cookies\" \/>\n<meta property=\"og:locale\" content=\"es_ES\" \/>\n<meta property=\"og:type\" content=\"article\" \/>\n<meta property=\"og:title\" content=\"Pol\u00edtica de cookies - ASAJA Zamora\" \/>\n<meta property=\"og:description\" content=\"INFORMACI\u00d3N GENERAL Este sitio web utiliza cookies con la finalidad de prestarle una mejor experiencia en su navegaci\u00f3n. Asimismo, en caso de que preste su consentimiento, utilizaremos cookies que nos permitan obtener m\u00e1s informaci\u00f3n acerca de sus preferencias y personalizar nuestro Sitio Web de conformidad con sus intereses individuales, para que tenga una navegaci\u00f3n m\u00e1s [&hellip;]\" \/>\n<meta property=\"og:url\" content=\"https:\/\/www.asajacyl.com\/zamora\/politica-de-cookies\" \/>\n<meta property=\"og:site_name\" content=\"ASAJA Zamora\" \/>\n<meta property=\"og:image\" content=\"https:\/\/www.asajacyl.com\/zamora\/wp-content\/uploads\/sites\/10\/2017\/11\/im_predefinida_1920x1080.jpg\" \/>\n\t<meta property=\"og:image:width\" content=\"1920\" \/>\n\t<meta property=\"og:image:height\" content=\"1080\" \/>\n\t<meta property=\"og:image:type\" content=\"image\/jpeg\" \/>\n<meta name=\"twitter:card\" content=\"summary_large_image\" \/>\n<meta name=\"twitter:label1\" content=\"Tiempo de lectura\" \/>\n\t<meta name=\"twitter:data1\" content=\"4 minutos\" \/>\n<script type=\"application\/ld+json\" class=\"yoast-schema-graph\">{\"@context\":\"https:\/\/schema.org\",\"@graph\":[{\"@type\":\"WebPage\",\"@id\":\"https:\/\/www.asajacyl.com\/zamora\/politica-de-cookies\",\"url\":\"https:\/\/www.asajacyl.com\/zamora\/politica-de-cookies\",\"name\":\"Pol\u00edtica de cookies - ASAJA Zamora\",\"isPartOf\":{\"@id\":\"https:\/\/www.asajacyl.com\/zamora\/#website\"},\"primaryImageOfPage\":{\"@id\":\"https:\/\/www.asajacyl.com\/zamora\/politica-de-cookies#primaryimage\"},\"image\":{\"@id\":\"https:\/\/www.asajacyl.com\/zamora\/politica-de-cookies#primaryimage\"},\"thumbnailUrl\":\"https:\/\/www.asajacyl.com\/zamora\/wp-content\/uploads\/sites\/10\/2017\/11\/im_predefinida_1920x1080.jpg\",\"datePublished\":\"2018-06-29T12:00:50+00:00\",\"breadcrumb\":{\"@id\":\"https:\/\/www.asajacyl.com\/zamora\/politica-de-cookies#breadcrumb\"},\"inLanguage\":\"es\",\"potentialAction\":[{\"@type\":\"ReadAction\",\"target\":[\"https:\/\/www.asajacyl.com\/zamora\/politica-de-cookies\"]}]},{\"@type\":\"ImageObject\",\"inLanguage\":\"es\",\"@id\":\"https:\/\/www.asajacyl.com\/zamora\/politica-de-cookies#primaryimage\",\"url\":\"https:\/\/www.asajacyl.com\/zamora\/wp-content\/uploads\/sites\/10\/2017\/11\/im_predefinida_1920x1080.jpg\",\"contentUrl\":\"https:\/\/www.asajacyl.com\/zamora\/wp-content\/uploads\/sites\/10\/2017\/11\/im_predefinida_1920x1080.jpg\",\"width\":1920,\"height\":1080,\"caption\":\"Logotipo ASAJA Zamora\"},{\"@type\":\"BreadcrumbList\",\"@id\":\"https:\/\/www.asajacyl.com\/zamora\/politica-de-cookies#breadcrumb\",\"itemListElement\":[{\"@type\":\"ListItem\",\"position\":1,\"name\":\"Portada\",\"item\":\"https:\/\/www.asajacyl.com\/zamora\/\"},{\"@type\":\"ListItem\",\"position\":2,\"name\":\"Pol\u00edtica de cookies\"}]},{\"@type\":\"WebSite\",\"@id\":\"https:\/\/www.asajacyl.com\/zamora\/#website\",\"url\":\"https:\/\/www.asajacyl.com\/zamora\/\",\"name\":\"ASAJA Zamora\",\"description\":\"Otro sitio m\u00e1s de Provincias ASAJA Castilla y Le\u00f3n\",\"potentialAction\":[{\"@type\":\"SearchAction\",\"target\":{\"@type\":\"EntryPoint\",\"urlTemplate\":\"https:\/\/www.asajacyl.com\/zamora\/?s={search_term_string}\"},\"query-input\":{\"@type\":\"PropertyValueSpecification\",\"valueRequired\":true,\"valueName\":\"search_term_string\"}}],\"inLanguage\":\"es\"}]}<\/script>\n<!-- \/ Yoast SEO plugin. -->","yoast_head_json":{"title":"Pol\u00edtica de cookies - ASAJA Zamora","robots":{"index":"index","follow":"follow","max-snippet":"max-snippet:-1","max-image-preview":"max-image-preview:large","max-video-preview":"max-video-preview:-1"},"canonical":"https:\/\/www.asajacyl.com\/zamora\/politica-de-cookies","og_locale":"es_ES","og_type":"article","og_title":"Pol\u00edtica de cookies - ASAJA Zamora","og_description":"INFORMACI\u00d3N GENERAL Este sitio web utiliza cookies con la finalidad de prestarle una mejor experiencia en su navegaci\u00f3n. Asimismo, en caso de que preste su consentimiento, utilizaremos cookies que nos permitan obtener m\u00e1s informaci\u00f3n acerca de sus preferencias y personalizar nuestro Sitio Web de conformidad con sus intereses individuales, para que tenga una navegaci\u00f3n m\u00e1s [&hellip;]","og_url":"https:\/\/www.asajacyl.com\/zamora\/politica-de-cookies","og_site_name":"ASAJA Zamora","og_image":[{"width":1920,"height":1080,"url":"https:\/\/www.asajacyl.com\/zamora\/wp-content\/uploads\/sites\/10\/2017\/11\/im_predefinida_1920x1080.jpg","type":"image\/jpeg"}],"twitter_card":"summary_large_image","twitter_misc":{"Tiempo de lectura":"4 minutos"},"schema":{"@context":"https:\/\/schema.org","@graph":[{"@type":"WebPage","@id":"https:\/\/www.asajacyl.com\/zamora\/politica-de-cookies","url":"https:\/\/www.asajacyl.com\/zamora\/politica-de-cookies","name":"Pol\u00edtica de cookies - ASAJA Zamora","isPartOf":{"@id":"https:\/\/www.asajacyl.com\/zamora\/#website"},"primaryImageOfPage":{"@id":"https:\/\/www.asajacyl.com\/zamora\/politica-de-cookies#primaryimage"},"image":{"@id":"https:\/\/www.asajacyl.com\/zamora\/politica-de-cookies#primaryimage"},"thumbnailUrl":"https:\/\/www.asajacyl.com\/zamora\/wp-content\/uploads\/sites\/10\/2017\/11\/im_predefinida_1920x1080.jpg","datePublished":"2018-06-29T12:00:50+00:00","breadcrumb":{"@id":"https:\/\/www.asajacyl.com\/zamora\/politica-de-cookies#breadcrumb"},"inLanguage":"es","potentialAction":[{"@type":"ReadAction","target":["https:\/\/www.asajacyl.com\/zamora\/politica-de-cookies"]}]},{"@type":"ImageObject","inLanguage":"es","@id":"https:\/\/www.asajacyl.com\/zamora\/politica-de-cookies#primaryimage","url":"https:\/\/www.asajacyl.com\/zamora\/wp-content\/uploads\/sites\/10\/2017\/11\/im_predefinida_1920x1080.jpg","contentUrl":"https:\/\/www.asajacyl.com\/zamora\/wp-content\/uploads\/sites\/10\/2017\/11\/im_predefinida_1920x1080.jpg","width":1920,"height":1080,"caption":"Logotipo ASAJA Zamora"},{"@type":"BreadcrumbList","@id":"https:\/\/www.asajacyl.com\/zamora\/politica-de-cookies#breadcrumb","itemListElement":[{"@type":"ListItem","position":1,"name":"Portada","item":"https:\/\/www.asajacyl.com\/zamora\/"},{"@type":"ListItem","position":2,"name":"Pol\u00edtica de cookies"}]},{"@type":"WebSite","@id":"https:\/\/www.asajacyl.com\/zamora\/#website","url":"https:\/\/www.asajacyl.com\/zamora\/","name":"ASAJA Zamora","description":"Otro sitio m\u00e1s de Provincias ASAJA Castilla y Le\u00f3n","potentialAction":[{"@type":"SearchAction","target":{"@type":"EntryPoint","urlTemplate":"https:\/\/www.asajacyl.com\/zamora\/?s={search_term_string}"},"query-input":{"@type":"PropertyValueSpecification","valueRequired":true,"valueName":"search_term_string"}}],"inLanguage":"es"}]}},"_links":{"self":[{"href":"https:\/\/www.asajacyl.com\/zamora\/wp-json\/wp\/v2\/pages\/431"}],"collection":[{"href":"https:\/\/www.asajacyl.com\/zamora\/wp-json\/wp\/v2\/pages"}],"about":[{"href":"https:\/\/www.asajacyl.com\/zamora\/wp-json\/wp\/v2\/types\/page"}],"author":[{"embeddable":true,"href":"https:\/\/www.asajacyl.com\/zamora\/wp-json\/wp\/v2\/users\/2"}],"replies":[{"embeddable":true,"href":"https:\/\/www.asajacyl.com\/zamora\/wp-json\/wp\/v2\/comments?post=431"}],"version-history":[{"count":1,"href":"https:\/\/www.asajacyl.com\/zamora\/wp-json\/wp\/v2\/pages\/431\/revisions"}],"predecessor-version":[{"id":432,"href":"https:\/\/www.asajacyl.com\/zamora\/wp-json\/wp\/v2\/pages\/431\/revisions\/432"}],"wp:featuredmedia":[{"embeddable":true,"href":"https:\/\/www.asajacyl.com\/zamora\/wp-json\/wp\/v2\/media\/297"}],"wp:attachment":[{"href":"https:\/\/www.asajacyl.com\/zamora\/wp-json\/wp\/v2\/media?parent=431"}],"curies":[{"name":"wp","href":"https:\/\/api.w.org\/{rel}","templated":true}]}}